{"id":849,"date":"2023-01-23T13:43:25","date_gmt":"2023-01-23T13:43:25","guid":{"rendered":"https:\/\/eleizmuseoa.com\/visites-sur-mesure\/"},"modified":"2023-05-28T08:29:27","modified_gmt":"2023-05-28T08:29:27","slug":"visites-sur-mesure","status":"publish","type":"page","link":"https:\/\/eleizmuseoa.com\/fr\/visites-sur-mesure\/","title":{"rendered":"Visites sur mesure"},"content":{"rendered":"<p>[et_pb_section fb_built=\u00a0\u00bb1&Prime; _builder_version=\u00a0\u00bb4.20.0&Prime; _module_preset=\u00a0\u00bbdefault\u00a0\u00bb background_color=\u00a0\u00bbrgba(0,0,0,0.4)\u00a0\u00bb background_image=\u00a0\u00bbhttps:\/\/eleizmuseoa.com\/wp-content\/uploads\/Visitas-Museo-Sacro-Bilbao.jpg\u00a0\u00bb background_blend=\u00a0\u00bboverlay\u00a0\u00bb border_width_bottom=\u00a0\u00bb6px\u00a0\u00bb border_color_bottom=\u00a0\u00bb#A06D00&Prime; global_colors_info=\u00a0\u00bb{}\u00a0\u00bb][et_pb_row _builder_version=\u00a0\u00bb4.19.5&Prime; _module_preset=\u00a0\u00bbdefault\u00a0\u00bb global_colors_info=\u00a0\u00bb{}\u00a0\u00bb][et_pb_column type=\u00a0\u00bb4_4&Prime; _builder_version=\u00a0\u00bb4.19.5&Prime; _module_preset=\u00a0\u00bbdefault\u00a0\u00bb global_colors_info=\u00a0\u00bb{}\u00a0\u00bb][et_pb_text _builder_version=\u00a0\u00bb4.19.5&Prime; _module_preset=\u00a0\u00bbdefault\u00a0\u00bb header_text_color=\u00a0\u00bb#FFFFFF\u00a0\u00bb header_font_size=\u00a0\u00bb50px\u00a0\u00bb header_font_size_tablet=\u00a0\u00bb50px\u00a0\u00bb header_font_size_phone=\u00a0\u00bb50px\u00a0\u00bb header_font_size_last_edited=\u00a0\u00bbon|phone\u00a0\u00bb header_text_shadow_style=\u00a0\u00bbpreset1&Prime; global_colors_info=\u00a0\u00bb{}\u00a0\u00bb]<\/p>\n<h1><strong>Visites sur mesure<\/strong><\/h1>\n<p>[\/et_pb_text][\/et_pb_column][\/et_pb_row][\/et_pb_section][et_pb_section fb_built=\u00a0\u00bb1&Prime; _builder_version=\u00a0\u00bb4.19.5&Prime; _module_preset=\u00a0\u00bbdefault\u00a0\u00bb background_color=\u00a0\u00bbrgba(0,0,0,0.9)\u00a0\u00bb background_enable_mask_style=\u00a0\u00bbon\u00a0\u00bb background_mask_style=\u00a0\u00bbdiagonal-bars-2&Prime; background_mask_color=\u00a0\u00bb#000000&Prime; global_colors_info=\u00a0\u00bb{}\u00a0\u00bb][et_pb_row column_structure=\u00a0\u00bb1_2,1_2&Prime; _builder_version=\u00a0\u00bb4.19.5&Prime; _module_preset=\u00a0\u00bbdefault\u00a0\u00bb global_colors_info=\u00a0\u00bb{}\u00a0\u00bb][et_pb_column type=\u00a0\u00bb1_2&Prime; _builder_version=\u00a0\u00bb4.19.5&Prime; _module_preset=\u00a0\u00bbdefault\u00a0\u00bb global_colors_info=\u00a0\u00bb{}\u00a0\u00bb][et_pb_image src=\u00a0\u00bbhttps:\/\/eleizmuseoa.com\/wp-content\/uploads\/Visitas-guiadas-Museo-Arte-Sacro-Bilbao.jpg\u00a0\u00bb alt=\u00a0\u00bbVisites guid\u00e9es\u00a0\u00bb title_text=\u00a0\u00bbVisites guid\u00e9es\u00a0\u00bb _builder_version=\u00a0\u00bb4.19.5&Prime; _module_preset=\u00a0\u00bbdefault\u00a0\u00bb border_radii=\u00a0\u00bboff|10px||10px|\u00a0\u00bb global_colors_info=\u00a0\u00bb{}\u00a0\u00bb][\/et_pb_image][\/et_pb_column][et_pb_column type=\u00a0\u00bb1_2&Prime; _builder_version=\u00a0\u00bb4.19.5&Prime; _module_preset=\u00a0\u00bbdefault\u00a0\u00bb global_colors_info=\u00a0\u00bb{}\u00a0\u00bb][et_pb_text quote_border_color=\u00a0\u00bb#A06D00&Prime; _builder_version=\u00a0\u00bb4.19.5&Prime; _module_preset=\u00a0\u00bbdefault\u00a0\u00bb quote_text_color=\u00a0\u00bb#FFFFFF\u00a0\u00bb header_2_font=\u00a0\u00bb|700|||||||\u00a0\u00bb header_2_text_color=\u00a0\u00bb#A06D00&Prime; header_2_font_size=\u00a0\u00bb28px\u00a0\u00bb background_layout=\u00a0\u00bbdark\u00a0\u00bb global_colors_info=\u00a0\u00bb{}\u00a0\u00bb]<\/p>\n<blockquote>\n<h2>Visites guid\u00e9es<\/h2>\n<\/blockquote>\n<p>[\/et_pb_text][et_pb_text _builder_version=\u00a0\u00bb4.19.5&Prime; _module_preset=\u00a0\u00bbdefault\u00a0\u00bb background_layout=\u00a0\u00bbdark\u00a0\u00bb global_colors_info=\u00a0\u00bb{}\u00a0\u00bb]<\/p>\n<p>Nos guides vous permettront de conna\u00eetre le mus\u00e9e en profondeur : ses pi\u00e8ces les plus remarquables, les plus surprenantes, ses histoires complexes&#8230;<\/p>\n<p>Une promenade \u00e0 travers l\u2019histoire de l\u2019art en Biscaye.<\/p>\n<p>Il s\u2019agit de visites sur mesure : individuelles, familiales, pour groupes et associations&#8230; et toujours adapt\u00e9es \u00e0 vos besoins.<\/p>\n<p>[\/et_pb_text][et_pb_blurb title=\u00a0\u00bbR\u00e9servation\u00a0\u00bb use_icon=\u00a0\u00bbon\u00a0\u00bb font_icon=\u00a0\u00bb&#xf879;||fa||900&Prime; icon_placement=\u00a0\u00bbleft\u00a0\u00bb _builder_version=\u00a0\u00bb4.20.0&Prime; _module_preset=\u00a0\u00bbdefault\u00a0\u00bb header_font=\u00a0\u00bb|600|||||||\u00a0\u00bb header_text_color=\u00a0\u00bb#A06D00&Prime; header_font_size=\u00a0\u00bb20px\u00a0\u00bb body_text_color=\u00a0\u00bb#FFFFFF\u00a0\u00bb link_option_url=\u00a0\u00bbtel:944320125&Prime; link_option_url_new_window=\u00a0\u00bbon\u00a0\u00bb global_colors_info=\u00a0\u00bb{}\u00a0\u00bb]<\/p>\n<p>944 32 01 25<\/p>\n<p>[\/et_pb_blurb][et_pb_blurb title=\u00a0\u00bbTarifs\u00a0\u00bb use_icon=\u00a0\u00bbon\u00a0\u00bb font_icon=\u00a0\u00bb&#xf153;||fa||900&Prime; icon_placement=\u00a0\u00bbleft\u00a0\u00bb _builder_version=\u00a0\u00bb4.19.5&Prime; _module_preset=\u00a0\u00bbdefault\u00a0\u00bb header_font=\u00a0\u00bb|600|||||||\u00a0\u00bb header_text_color=\u00a0\u00bb#A06D00&Prime; header_font_size=\u00a0\u00bb20px\u00a0\u00bb body_text_color=\u00a0\u00bb#FFFFFF\u00a0\u00bb link_option_url_new_window=\u00a0\u00bbon\u00a0\u00bb global_colors_info=\u00a0\u00bb{}\u00a0\u00bb]<\/p>\n<p><strong>40\u20ac<\/strong> (groupes jusqu\u2019\u00e0 10 personnes)<\/p>\n<p>Pour d\u2019autres cas, veuillez nous consulter.<\/p>\n<p>[\/et_pb_blurb][\/et_pb_column][\/et_pb_row][\/et_pb_section][et_pb_section fb_built=\u00a0\u00bb1&Prime; _builder_version=\u00a0\u00bb4.20.0&Prime; _module_preset=\u00a0\u00bbdefault\u00a0\u00bb background_color=\u00a0\u00bbrgba(160,109,0,0.1)\u00a0\u00bb background_enable_mask_style=\u00a0\u00bbon\u00a0\u00bb background_mask_style=\u00a0\u00bbdiagonal-bars\u00a0\u00bb background_mask_color=\u00a0\u00bbrgba(160,109,0,0.05)\u00a0\u00bb background_mask_transform=\u00a0\u00bbinvert|flip_horizontal\u00a0\u00bb global_colors_info=\u00a0\u00bb{}\u00a0\u00bb][et_pb_row column_structure=\u00a0\u00bb1_2,1_2&Prime; _builder_version=\u00a0\u00bb4.19.5&Prime; _module_preset=\u00a0\u00bbdefault\u00a0\u00bb global_colors_info=\u00a0\u00bb{}\u00a0\u00bb][et_pb_column type=\u00a0\u00bb1_2&Prime; _builder_version=\u00a0\u00bb4.19.5&Prime; _module_preset=\u00a0\u00bbdefault\u00a0\u00bb global_colors_info=\u00a0\u00bb{}\u00a0\u00bb][et_pb_image src=\u00a0\u00bbhttps:\/\/eleizmuseoa.com\/wp-content\/uploads\/Visitas-Casco-Viejo-Museo-Arte-Sacro-Bilbao.jpg\u00a0\u00bb alt=\u00a0\u00bbA travers la vieille ville\u00a0\u00bb title_text=\u00a0\u00bbA travers la vieille ville\u00a0\u00bb _builder_version=\u00a0\u00bb4.19.5&Prime; _module_preset=\u00a0\u00bbdefault\u00a0\u00bb border_radii=\u00a0\u00bboff|10px||10px|\u00a0\u00bb global_colors_info=\u00a0\u00bb{}\u00a0\u00bb][\/et_pb_image][\/et_pb_column][et_pb_column type=\u00a0\u00bb1_2&Prime; _builder_version=\u00a0\u00bb4.19.5&Prime; _module_preset=\u00a0\u00bbdefault\u00a0\u00bb global_colors_info=\u00a0\u00bb{}\u00a0\u00bb][et_pb_text quote_border_color=\u00a0\u00bb#A06D00&Prime; _builder_version=\u00a0\u00bb4.19.5&Prime; _module_preset=\u00a0\u00bbdefault\u00a0\u00bb header_2_font=\u00a0\u00bb|700|||||||\u00a0\u00bb header_2_text_color=\u00a0\u00bb#00534D\u00a0\u00bb header_2_font_size=\u00a0\u00bb28px\u00a0\u00bb global_colors_info=\u00a0\u00bb{}\u00a0\u00bb]<\/p>\n<blockquote>\n<h2>A travers la vieille ville<\/h2>\n<\/blockquote>\n<p>[\/et_pb_text][et_pb_text _builder_version=\u00a0\u00bb4.19.5&Prime; _module_preset=\u00a0\u00bbdefault\u00a0\u00bb global_colors_info=\u00a0\u00bb{}\u00a0\u00bb]<\/p>\n<p>Vous pouvez faire une visite de la vieille ville de Bilbao avec nous.<\/p>\n<p>Nous vous parlerons de son histoire, de son urbanisme, de son patrimoine religieux, de ses personnages, de ses \u00e9l\u00e9ments les plus int\u00e9ressants&#8230;<\/p>\n<p>[\/et_pb_text][et_pb_blurb title=\u00a0\u00bbR\u00e9servation\u00a0\u00bb use_icon=\u00a0\u00bbon\u00a0\u00bb font_icon=\u00a0\u00bb&#xf879;||fa||900&Prime; icon_placement=\u00a0\u00bbleft\u00a0\u00bb _builder_version=\u00a0\u00bb4.19.5&Prime; _module_preset=\u00a0\u00bbdefault\u00a0\u00bb link_option_url=\u00a0\u00bbtel:944320125&Prime; link_option_url_new_window=\u00a0\u00bbon\u00a0\u00bb global_colors_info=\u00a0\u00bb{}\u00a0\u00bb]<\/p>\n<p>944 32 01 25<\/p>\n<p>[\/et_pb_blurb][et_pb_blurb title=\u00a0\u00bbTarifs\u00a0\u00bb use_icon=\u00a0\u00bbon\u00a0\u00bb font_icon=\u00a0\u00bb&#xf153;||fa||900&Prime; icon_placement=\u00a0\u00bbleft\u00a0\u00bb _builder_version=\u00a0\u00bb4.19.5&Prime; _module_preset=\u00a0\u00bbdefault\u00a0\u00bb link_option_url_new_window=\u00a0\u00bbon\u00a0\u00bb global_colors_info=\u00a0\u00bb{}\u00a0\u00bb]<\/p>\n<p><strong>40\u20ac<\/strong> (groupes jusqu\u2019\u00e0 10 personnes)<\/p>\n<p>Pour d\u2019autres cas, veuillez nous consulter.<\/p>\n<p>[\/et_pb_blurb][\/et_pb_column][\/et_pb_row][\/et_pb_section][et_pb_section fb_built=\u00a0\u00bb1&Prime; custom_padding_last_edited=\u00a0\u00bbon|phone\u00a0\u00bb _builder_version=\u00a0\u00bb4.20.0&Prime; _module_preset=\u00a0\u00bbdefault\u00a0\u00bb background_image=\u00a0\u00bbhttps:\/\/eleizmuseoa.com\/wp-content\/uploads\/Casco-viejo-Bilbao-duo.jpg\u00a0\u00bb parallax=\u00a0\u00bbon\u00a0\u00bb parallax_method=\u00a0\u00bboff\u00a0\u00bb custom_padding=\u00a0\u00bb12vw||12vw||true|false\u00a0\u00bb custom_padding_tablet=\u00a0\u00bb12vw||12vw||true|false\u00a0\u00bb custom_padding_phone=\u00a0\u00bb20vw||20vw||true|false\u00a0\u00bb locked=\u00a0\u00bboff\u00a0\u00bb global_colors_info=\u00a0\u00bb{}\u00a0\u00bb][\/et_pb_section][et_pb_section fb_built=\u00a0\u00bb1&Prime; _builder_version=\u00a0\u00bb4.20.0&Prime; _module_preset=\u00a0\u00bbdefault\u00a0\u00bb background_color=\u00a0\u00bbrgba(0,0,0,0.9)\u00a0\u00bb background_enable_mask_style=\u00a0\u00bbon\u00a0\u00bb background_mask_style=\u00a0\u00bbdiagonal-bars-2&Prime; background_mask_color=\u00a0\u00bb#000000&Prime; global_colors_info=\u00a0\u00bb{}\u00a0\u00bb][et_pb_row column_structure=\u00a0\u00bb1_2,1_2&Prime; _builder_version=\u00a0\u00bb4.19.5&Prime; _module_preset=\u00a0\u00bbdefault\u00a0\u00bb global_colors_info=\u00a0\u00bb{}\u00a0\u00bb][et_pb_column type=\u00a0\u00bb1_2&Prime; _builder_version=\u00a0\u00bb4.19.5&Prime; _module_preset=\u00a0\u00bbdefault\u00a0\u00bb global_colors_info=\u00a0\u00bb{}\u00a0\u00bb][et_pb_image src=\u00a0\u00bbhttps:\/\/eleizmuseoa.com\/wp-content\/uploads\/Visitas-escolares-Museo-Sacro-Bilbao.jpg\u00a0\u00bb alt=\u00a0\u00bbVisites scolaires\u00a0\u00bb title_text=\u00a0\u00bbVisites scolaires\u00a0\u00bb _builder_version=\u00a0\u00bb4.20.2&Prime; _module_preset=\u00a0\u00bbdefault\u00a0\u00bb hover_enabled=\u00a0\u00bb0&Prime; border_radii=\u00a0\u00bboff|10px||10px|\u00a0\u00bb global_colors_info=\u00a0\u00bb{}\u00a0\u00bb sticky_enabled=\u00a0\u00bb0&Prime;][\/et_pb_image][\/et_pb_column][et_pb_column type=\u00a0\u00bb1_2&Prime; _builder_version=\u00a0\u00bb4.19.5&Prime; _module_preset=\u00a0\u00bbdefault\u00a0\u00bb global_colors_info=\u00a0\u00bb{}\u00a0\u00bb][et_pb_text quote_border_color=\u00a0\u00bb#A06D00&Prime; _builder_version=\u00a0\u00bb4.19.5&Prime; _module_preset=\u00a0\u00bbdefault\u00a0\u00bb quote_text_color=\u00a0\u00bb#FFFFFF\u00a0\u00bb header_2_font=\u00a0\u00bb|700|||||||\u00a0\u00bb header_2_text_color=\u00a0\u00bb#A06D00&Prime; header_2_font_size=\u00a0\u00bb28px\u00a0\u00bb background_layout=\u00a0\u00bbdark\u00a0\u00bb global_colors_info=\u00a0\u00bb{}\u00a0\u00bb]<\/p>\n<blockquote>\n<h2>Visites scolaires<\/h2>\n<\/blockquote>\n<p>[\/et_pb_text][et_pb_text _builder_version=\u00a0\u00bb4.20.2&Prime; _module_preset=\u00a0\u00bbdefault\u00a0\u00bb link_text_color=\u00a0\u00bb#A06D00&Prime; background_layout=\u00a0\u00bbdark\u00a0\u00bb global_colors_info=\u00a0\u00bb{}\u00a0\u00bb]<\/p>\n<p>Visites sp\u00e9ciales pour les groupes scolaires, adapt\u00e9es dans chaque cas aux int\u00e9r\u00eats sp\u00e9cifiques du groupe et \u00e0 son niveau scolaire.<\/p>\n<p>Il peut s\u2019agir de visites du mus\u00e9e ou du vieux quartier.<\/p>\n<p>Si vous le souhaitez, nous proposons \u00e9galement des <a href=\"https:\/\/eleizmuseoa.com\/fr\/activites-scolaires\/#didacticos\"><strong>ateliers \u00e9ducatifs<\/strong><\/a>.<\/p>\n<p>[\/et_pb_text][et_pb_blurb title=\u00a0\u00bbR\u00e9servation\u00a0\u00bb use_icon=\u00a0\u00bbon\u00a0\u00bb font_icon=\u00a0\u00bb&#xf879;||fa||900&Prime; icon_placement=\u00a0\u00bbleft\u00a0\u00bb _builder_version=\u00a0\u00bb4.19.5&Prime; _module_preset=\u00a0\u00bbdefault\u00a0\u00bb header_font=\u00a0\u00bb|600|||||||\u00a0\u00bb header_text_color=\u00a0\u00bb#A06D00&Prime; header_font_size=\u00a0\u00bb20px\u00a0\u00bb body_text_color=\u00a0\u00bb#FFFFFF\u00a0\u00bb link_option_url=\u00a0\u00bbtel:944320125&Prime; link_option_url_new_window=\u00a0\u00bbon\u00a0\u00bb global_colors_info=\u00a0\u00bb{}\u00a0\u00bb]<\/p>\n<p>944 32 01 25<\/p>\n<p>[\/et_pb_blurb][et_pb_blurb title=\u00a0\u00bbTarifs\u00a0\u00bb use_icon=\u00a0\u00bbon\u00a0\u00bb font_icon=\u00a0\u00bb&#xf153;||fa||900&Prime; icon_placement=\u00a0\u00bbleft\u00a0\u00bb _builder_version=\u00a0\u00bb4.20.2&Prime; _module_preset=\u00a0\u00bbdefault\u00a0\u00bb header_font=\u00a0\u00bb|600|||||||\u00a0\u00bb header_text_color=\u00a0\u00bb#A06D00&Prime; header_font_size=\u00a0\u00bb20px\u00a0\u00bb body_text_color=\u00a0\u00bb#FFFFFF\u00a0\u00bb link_option_url_new_window=\u00a0\u00bbon\u00a0\u00bb global_colors_info=\u00a0\u00bb{}\u00a0\u00bb]<\/p>\n<p><strong>40\u20ac par classe<\/strong> (groupes de 20-25 personnes).<\/p>\n<p>[\/et_pb_blurb][et_pb_button button_url=\u00a0\u00bbhttps:\/\/eleizmuseoa.com\/fr\/activites-scolaires\/\u00a0\u00bb button_text=\u00a0\u00bbActivit\u00e9s scolaires\u00a0\u00bb _builder_version=\u00a0\u00bb4.20.0&Prime; _module_preset=\u00a0\u00bbdefault\u00a0\u00bb custom_button=\u00a0\u00bbon\u00a0\u00bb button_text_color=\u00a0\u00bb#FFFFFF\u00a0\u00bb button_bg_color=\u00a0\u00bb#A06D00&Prime; button_border_color=\u00a0\u00bb#A06D00&Prime; button_icon=\u00a0\u00bb&#x24;||divi||400&Prime; button_on_hover=\u00a0\u00bboff\u00a0\u00bb button_text_color_last_edited=\u00a0\u00bboff|desktop\u00a0\u00bb locked=\u00a0\u00bboff\u00a0\u00bb global_colors_info=\u00a0\u00bb{}\u00a0\u00bb button_text_color__hover_enabled=\u00a0\u00bbon|hover\u00a0\u00bb button_text_color__hover=\u00a0\u00bb#FFFFFF\u00a0\u00bb button_border_color__hover_enabled=\u00a0\u00bbon|hover\u00a0\u00bb button_border_color__hover=\u00a0\u00bb#00534D\u00a0\u00bb button_bg_color__hover_enabled=\u00a0\u00bbon|hover\u00a0\u00bb button_bg_color__hover=\u00a0\u00bb#00534D\u00a0\u00bb button_bg_enable_color__hover=\u00a0\u00bbon\u00a0\u00bb][\/et_pb_button][\/et_pb_column][\/et_pb_row][\/et_pb_section]<\/p>\n","protected":false},"excerpt":{"rendered":"<p>Visites sur mesure Visites guid\u00e9es Nos guides vous permettront de conna\u00eetre le mus\u00e9e en profondeur : ses pi\u00e8ces les plus remarquables, les plus surprenantes, ses histoires complexes&#8230; Une promenade \u00e0 travers l\u2019histoire de l\u2019art en Biscaye. Il s\u2019agit de visites sur mesure : individuelles, familiales, pour groupes et associations&#8230; et toujours adapt\u00e9es \u00e0 vos besoins.944 [&hellip;]<\/p>\n","protected":false},"author":1,"featured_media":0,"parent":0,"menu_order":0,"comment_status":"closed","ping_status":"closed","template":"","meta":{"_et_pb_use_builder":"on","_et_pb_old_content":"","_et_gb_content_width":"","footnotes":""},"class_list":["post-849","page","type-page","status-publish","hentry"],"yoast_head":"<!-- This site is optimized with the Yoast SEO plugin v27.3 - https:\/\/yoast.com\/product\/yoast-seo-wordpress\/ -->\n<title>Visites sur mesure | Museo Arte Sacro Bilbao<\/title>\n<meta name=\"description\" content=\"Visitez le Mus\u00e9e d&#039;Art Sacr\u00e9 de Bilbao \u00e0 votre convenance. Visites guid\u00e9es, Visite du Casco Viejo et Visites scolaires.\" \/>\n<meta name=\"robots\" content=\"index, follow, max-snippet:-1, max-image-preview:large, max-video-preview:-1\" \/>\n<link rel=\"canonical\" href=\"https:\/\/eleizmuseoa.com\/fr\/visites-sur-mesure\/\" \/>\n<meta property=\"og:locale\" content=\"fr_FR\" \/>\n<meta property=\"og:type\" content=\"article\" \/>\n<meta property=\"og:title\" content=\"Visites sur mesure | Museo Arte Sacro Bilbao\" \/>\n<meta property=\"og:description\" content=\"Visitez le Mus\u00e9e d&#039;Art Sacr\u00e9 de Bilbao \u00e0 votre convenance. Visites guid\u00e9es, Visite du Casco Viejo et Visites scolaires.\" \/>\n<meta property=\"og:url\" content=\"https:\/\/eleizmuseoa.com\/fr\/visites-sur-mesure\/\" \/>\n<meta property=\"og:site_name\" content=\"Museo Arte Sacro Bilbao\" \/>\n<meta property=\"article:publisher\" content=\"https:\/\/www.facebook.com\/museoartebilbao\" \/>\n<meta property=\"article:modified_time\" content=\"2023-05-28T08:29:27+00:00\" \/>\n<meta property=\"og:image\" content=\"https:\/\/eleizmuseoa.com\/wp-content\/uploads\/El-edificio-Museo-Arte-Sacro-Bilbao-1.jpg\" \/>\n\t<meta property=\"og:image:width\" content=\"800\" \/>\n\t<meta property=\"og:image:height\" content=\"600\" \/>\n\t<meta property=\"og:image:type\" content=\"image\/jpeg\" \/>\n<script type=\"application\/ld+json\" class=\"yoast-schema-graph\">{\"@context\":\"https:\\\/\\\/schema.org\",\"@graph\":[{\"@type\":\"WebPage\",\"@id\":\"https:\\\/\\\/eleizmuseoa.com\\\/fr\\\/visites-sur-mesure\\\/\",\"url\":\"https:\\\/\\\/eleizmuseoa.com\\\/fr\\\/visites-sur-mesure\\\/\",\"name\":\"Visites sur mesure | Museo Arte Sacro Bilbao\",\"isPartOf\":{\"@id\":\"https:\\\/\\\/eleizmuseoa.com\\\/fr\\\/#website\"},\"datePublished\":\"2023-01-23T13:43:25+00:00\",\"dateModified\":\"2023-05-28T08:29:27+00:00\",\"description\":\"Visitez le Mus\u00e9e d'Art Sacr\u00e9 de Bilbao \u00e0 votre convenance. Visites guid\u00e9es, Visite du Casco Viejo et Visites scolaires.\",\"breadcrumb\":{\"@id\":\"https:\\\/\\\/eleizmuseoa.com\\\/fr\\\/visites-sur-mesure\\\/#breadcrumb\"},\"inLanguage\":\"fr-FR\",\"potentialAction\":[{\"@type\":\"ReadAction\",\"target\":[\"https:\\\/\\\/eleizmuseoa.com\\\/fr\\\/visites-sur-mesure\\\/\"]}]},{\"@type\":\"BreadcrumbList\",\"@id\":\"https:\\\/\\\/eleizmuseoa.com\\\/fr\\\/visites-sur-mesure\\\/#breadcrumb\",\"itemListElement\":[{\"@type\":\"ListItem\",\"position\":1,\"name\":\"Portada\",\"item\":\"https:\\\/\\\/eleizmuseoa.com\\\/fr\\\/musee-dart-sacre-de-bilbao\\\/\"},{\"@type\":\"ListItem\",\"position\":2,\"name\":\"Visites sur mesure\"}]},{\"@type\":\"WebSite\",\"@id\":\"https:\\\/\\\/eleizmuseoa.com\\\/fr\\\/#website\",\"url\":\"https:\\\/\\\/eleizmuseoa.com\\\/fr\\\/\",\"name\":\"Museo Arte Sacro Bilbao\",\"description\":\"Eleiz Museoa Bilbao\",\"publisher\":{\"@id\":\"https:\\\/\\\/eleizmuseoa.com\\\/fr\\\/#organization\"},\"alternateName\":\"Museo de Arte Sacro de Bilbao\",\"potentialAction\":[{\"@type\":\"SearchAction\",\"target\":{\"@type\":\"EntryPoint\",\"urlTemplate\":\"https:\\\/\\\/eleizmuseoa.com\\\/fr\\\/?s={search_term_string}\"},\"query-input\":{\"@type\":\"PropertyValueSpecification\",\"valueRequired\":true,\"valueName\":\"search_term_string\"}}],\"inLanguage\":\"fr-FR\"},{\"@type\":\"Organization\",\"@id\":\"https:\\\/\\\/eleizmuseoa.com\\\/fr\\\/#organization\",\"name\":\"Museo Arte Sacro de Bilbao\",\"alternateName\":\"Museo de Arte Sacro de Bilbao\",\"url\":\"https:\\\/\\\/eleizmuseoa.com\\\/fr\\\/\",\"logo\":{\"@type\":\"ImageObject\",\"inLanguage\":\"fr-FR\",\"@id\":\"https:\\\/\\\/eleizmuseoa.com\\\/fr\\\/#\\\/schema\\\/logo\\\/image\\\/\",\"url\":\"https:\\\/\\\/eleizmuseoa.com\\\/wp-content\\\/uploads\\\/Museo-Arte-Sacro-logo.png\",\"contentUrl\":\"https:\\\/\\\/eleizmuseoa.com\\\/wp-content\\\/uploads\\\/Museo-Arte-Sacro-logo.png\",\"width\":341,\"height\":75,\"caption\":\"Museo Arte Sacro de Bilbao\"},\"image\":{\"@id\":\"https:\\\/\\\/eleizmuseoa.com\\\/fr\\\/#\\\/schema\\\/logo\\\/image\\\/\"},\"sameAs\":[\"https:\\\/\\\/www.facebook.com\\\/museoartebilbao\",\"https:\\\/\\\/www.youtube.com\\\/channel\\\/UC9NOH7JBvYISiBVRGmEuCVw\",\"https:\\\/\\\/www.instagram.com\\\/museoartesacrobilbao\\\/\"]}]}<\/script>\n<!-- \/ Yoast SEO plugin. -->","yoast_head_json":{"title":"Visites sur mesure | Museo Arte Sacro Bilbao","description":"Visitez le Mus\u00e9e d'Art Sacr\u00e9 de Bilbao \u00e0 votre convenance. Visites guid\u00e9es, Visite du Casco Viejo et Visites scolaires.","robots":{"index":"index","follow":"follow","max-snippet":"max-snippet:-1","max-image-preview":"max-image-preview:large","max-video-preview":"max-video-preview:-1"},"canonical":"https:\/\/eleizmuseoa.com\/fr\/visites-sur-mesure\/","og_locale":"fr_FR","og_type":"article","og_title":"Visites sur mesure | Museo Arte Sacro Bilbao","og_description":"Visitez le Mus\u00e9e d'Art Sacr\u00e9 de Bilbao \u00e0 votre convenance. Visites guid\u00e9es, Visite du Casco Viejo et Visites scolaires.","og_url":"https:\/\/eleizmuseoa.com\/fr\/visites-sur-mesure\/","og_site_name":"Museo Arte Sacro Bilbao","article_publisher":"https:\/\/www.facebook.com\/museoartebilbao","article_modified_time":"2023-05-28T08:29:27+00:00","og_image":[{"width":800,"height":600,"url":"https:\/\/eleizmuseoa.com\/wp-content\/uploads\/El-edificio-Museo-Arte-Sacro-Bilbao-1.jpg","type":"image\/jpeg"}],"schema":{"@context":"https:\/\/schema.org","@graph":[{"@type":"WebPage","@id":"https:\/\/eleizmuseoa.com\/fr\/visites-sur-mesure\/","url":"https:\/\/eleizmuseoa.com\/fr\/visites-sur-mesure\/","name":"Visites sur mesure | Museo Arte Sacro Bilbao","isPartOf":{"@id":"https:\/\/eleizmuseoa.com\/fr\/#website"},"datePublished":"2023-01-23T13:43:25+00:00","dateModified":"2023-05-28T08:29:27+00:00","description":"Visitez le Mus\u00e9e d'Art Sacr\u00e9 de Bilbao \u00e0 votre convenance. Visites guid\u00e9es, Visite du Casco Viejo et Visites scolaires.","breadcrumb":{"@id":"https:\/\/eleizmuseoa.com\/fr\/visites-sur-mesure\/#breadcrumb"},"inLanguage":"fr-FR","potentialAction":[{"@type":"ReadAction","target":["https:\/\/eleizmuseoa.com\/fr\/visites-sur-mesure\/"]}]},{"@type":"BreadcrumbList","@id":"https:\/\/eleizmuseoa.com\/fr\/visites-sur-mesure\/#breadcrumb","itemListElement":[{"@type":"ListItem","position":1,"name":"Portada","item":"https:\/\/eleizmuseoa.com\/fr\/musee-dart-sacre-de-bilbao\/"},{"@type":"ListItem","position":2,"name":"Visites sur mesure"}]},{"@type":"WebSite","@id":"https:\/\/eleizmuseoa.com\/fr\/#website","url":"https:\/\/eleizmuseoa.com\/fr\/","name":"Museo Arte Sacro Bilbao","description":"Eleiz Museoa Bilbao","publisher":{"@id":"https:\/\/eleizmuseoa.com\/fr\/#organization"},"alternateName":"Museo de Arte Sacro de Bilbao","potentialAction":[{"@type":"SearchAction","target":{"@type":"EntryPoint","urlTemplate":"https:\/\/eleizmuseoa.com\/fr\/?s={search_term_string}"},"query-input":{"@type":"PropertyValueSpecification","valueRequired":true,"valueName":"search_term_string"}}],"inLanguage":"fr-FR"},{"@type":"Organization","@id":"https:\/\/eleizmuseoa.com\/fr\/#organization","name":"Museo Arte Sacro de Bilbao","alternateName":"Museo de Arte Sacro de Bilbao","url":"https:\/\/eleizmuseoa.com\/fr\/","logo":{"@type":"ImageObject","inLanguage":"fr-FR","@id":"https:\/\/eleizmuseoa.com\/fr\/#\/schema\/logo\/image\/","url":"https:\/\/eleizmuseoa.com\/wp-content\/uploads\/Museo-Arte-Sacro-logo.png","contentUrl":"https:\/\/eleizmuseoa.com\/wp-content\/uploads\/Museo-Arte-Sacro-logo.png","width":341,"height":75,"caption":"Museo Arte Sacro de Bilbao"},"image":{"@id":"https:\/\/eleizmuseoa.com\/fr\/#\/schema\/logo\/image\/"},"sameAs":["https:\/\/www.facebook.com\/museoartebilbao","https:\/\/www.youtube.com\/channel\/UC9NOH7JBvYISiBVRGmEuCVw","https:\/\/www.instagram.com\/museoartesacrobilbao\/"]}]}},"_links":{"self":[{"href":"https:\/\/eleizmuseoa.com\/fr\/wp-json\/wp\/v2\/pages\/849","targetHints":{"allow":["GET"]}}],"collection":[{"href":"https:\/\/eleizmuseoa.com\/fr\/wp-json\/wp\/v2\/pages"}],"about":[{"href":"https:\/\/eleizmuseoa.com\/fr\/wp-json\/wp\/v2\/types\/page"}],"author":[{"embeddable":true,"href":"https:\/\/eleizmuseoa.com\/fr\/wp-json\/wp\/v2\/users\/1"}],"replies":[{"embeddable":true,"href":"https:\/\/eleizmuseoa.com\/fr\/wp-json\/wp\/v2\/comments?post=849"}],"version-history":[{"count":0,"href":"https:\/\/eleizmuseoa.com\/fr\/wp-json\/wp\/v2\/pages\/849\/revisions"}],"wp:attachment":[{"href":"https:\/\/eleizmuseoa.com\/fr\/wp-json\/wp\/v2\/media?parent=849"}],"curies":[{"name":"wp","href":"https:\/\/api.w.org\/{rel}","templated":true}]}}