{"id":847,"date":"2023-01-23T13:44:31","date_gmt":"2023-01-23T13:44:31","guid":{"rendered":"https:\/\/eleizmuseoa.com\/laert-sacre-en-bizkaia\/"},"modified":"2024-05-30T09:55:37","modified_gmt":"2024-05-30T09:55:37","slug":"laert-sacre-en-bizkaia","status":"publish","type":"page","link":"https:\/\/eleizmuseoa.com\/fr\/laert-sacre-en-bizkaia\/","title":{"rendered":"L\u00e1ert Sacr\u00e9 en Bizkaia"},"content":{"rendered":"<p>[et_pb_section fb_built=\u00a0\u00bb1&Prime; _builder_version=\u00a0\u00bb4.20.0&Prime; _module_preset=\u00a0\u00bbdefault\u00a0\u00bb background_color=\u00a0\u00bbrgba(0,0,0,0.4)\u00a0\u00bb background_image=\u00a0\u00bbhttps:\/\/eleizmuseoa.com\/wp-content\/uploads\/Arte-Sacro-en-Bizkaia.jpg\u00a0\u00bb background_blend=\u00a0\u00bboverlay\u00a0\u00bb border_width_bottom=\u00a0\u00bb6px\u00a0\u00bb border_color_bottom=\u00a0\u00bb#A06D00&Prime; global_colors_info=\u00a0\u00bb{}\u00a0\u00bb][et_pb_row _builder_version=\u00a0\u00bb4.19.5&Prime; _module_preset=\u00a0\u00bbdefault\u00a0\u00bb global_colors_info=\u00a0\u00bb{}\u00a0\u00bb][et_pb_column type=\u00a0\u00bb4_4&Prime; _builder_version=\u00a0\u00bb4.19.5&Prime; _module_preset=\u00a0\u00bbdefault\u00a0\u00bb global_colors_info=\u00a0\u00bb{}\u00a0\u00bb][et_pb_text _builder_version=\u00a0\u00bb4.19.5&Prime; _module_preset=\u00a0\u00bbdefault\u00a0\u00bb header_text_color=\u00a0\u00bb#FFFFFF\u00a0\u00bb header_font_size=\u00a0\u00bb50px\u00a0\u00bb header_font_size_tablet=\u00a0\u00bb50px\u00a0\u00bb header_font_size_phone=\u00a0\u00bb50px\u00a0\u00bb header_font_size_last_edited=\u00a0\u00bbon|phone\u00a0\u00bb header_text_shadow_style=\u00a0\u00bbpreset1&Prime; global_colors_info=\u00a0\u00bb{}\u00a0\u00bb]<\/p>\n<h1><strong>L\u00e1ert Sacr\u00e9 en Bizkaia<\/strong><\/h1>\n<p>[\/et_pb_text][\/et_pb_column][\/et_pb_row][\/et_pb_section][et_pb_section fb_built=\u00a0\u00bb1&Prime; module_id=\u00a0\u00bbermitas\u00a0\u00bb _builder_version=\u00a0\u00bb4.20.0&Prime; _module_preset=\u00a0\u00bbdefault\u00a0\u00bb background_color=\u00a0\u00bbrgba(0,0,0,0.9)\u00a0\u00bb background_enable_mask_style=\u00a0\u00bbon\u00a0\u00bb background_mask_style=\u00a0\u00bbdiagonal-bars-2&Prime; background_mask_color=\u00a0\u00bb#000000&Prime; global_colors_info=\u00a0\u00bb{}\u00a0\u00bb][et_pb_row column_structure=\u00a0\u00bb1_2,1_2&Prime; _builder_version=\u00a0\u00bb4.19.5&Prime; _module_preset=\u00a0\u00bbdefault\u00a0\u00bb global_colors_info=\u00a0\u00bb{}\u00a0\u00bb][et_pb_column type=\u00a0\u00bb1_2&Prime; _builder_version=\u00a0\u00bb4.19.5&Prime; _module_preset=\u00a0\u00bbdefault\u00a0\u00bb global_colors_info=\u00a0\u00bb{}\u00a0\u00bb][et_pb_image src=\u00a0\u00bbhttps:\/\/eleizmuseoa.com\/wp-content\/uploads\/Ermitas-de-Bizkaia.jpg\u00a0\u00bb alt=\u00a0\u00bbErmitages de Biscaye\u00a0\u00bb title_text=\u00a0\u00bbErmitages de Biscaye\u00a0\u00bb _builder_version=\u00a0\u00bb4.19.5&Prime; _module_preset=\u00a0\u00bbdefault\u00a0\u00bb border_radii=\u00a0\u00bboff|10px||10px|\u00a0\u00bb global_colors_info=\u00a0\u00bb{}\u00a0\u00bb][\/et_pb_image][\/et_pb_column][et_pb_column type=\u00a0\u00bb1_2&Prime; _builder_version=\u00a0\u00bb4.19.5&Prime; _module_preset=\u00a0\u00bbdefault\u00a0\u00bb global_colors_info=\u00a0\u00bb{}\u00a0\u00bb][et_pb_text quote_border_color=\u00a0\u00bb#A06D00&Prime; _builder_version=\u00a0\u00bb4.25.1&Prime; _module_preset=\u00a0\u00bbdefault\u00a0\u00bb quote_text_color=\u00a0\u00bb#FFFFFF\u00a0\u00bb header_2_font=\u00a0\u00bb|700|||||||\u00a0\u00bb header_2_text_color=\u00a0\u00bb#A06D00&Prime; header_2_font_size=\u00a0\u00bb28px\u00a0\u00bb background_layout=\u00a0\u00bbdark\u00a0\u00bb hover_enabled=\u00a0\u00bb0&Prime; global_colors_info=\u00a0\u00bb{}\u00a0\u00bb sticky_enabled=\u00a0\u00bb0&Prime;]<\/p>\n<blockquote>\n<h2>Ermitages de Biscaye<\/h2>\n<\/blockquote>\n<p>[\/et_pb_text][et_pb_text _builder_version=\u00a0\u00bb4.25.1&Prime; _module_preset=\u00a0\u00bbdefault\u00a0\u00bb background_layout=\u00a0\u00bbdark\u00a0\u00bb global_colors_info=\u00a0\u00bb{}\u00a0\u00bb]<\/p>\n<p>Les ermitages, connus en basque sous le nom de <em>baseliza<\/em> ou <em>eliza\u00f1o<\/em>, sont des sanctuaires g\u00e9n\u00e9ralement situ\u00e9s dans des zones inhabit\u00e9es et repr\u00e9sentent un \u00e9l\u00e9ment culturel \u00e9troitement li\u00e9 \u00e0 nos traditions. Il y a eu plus de sept cents ermitages en Biscaye, mais il n&rsquo;en reste aujourd&rsquo;hui qu&rsquo;environ quatre cents. Des ermitages qui, avec leurs rites et leurs coutumes, nous renseignent sur la grande marque de sacralisation qu&rsquo;a connu cette terre.<\/p>\n<p>La plupart d&rsquo;entre eux sont des constructions rurales, pr\u00e9sid\u00e9es par des sculptures populaires qui ont une beaut\u00e9 particuli\u00e8re dans leur na\u00efvet\u00e9. Aujourd&rsquo;hui encore, des p\u00e8lerinages et des c\u00e9l\u00e9brations ont lieu autour d&rsquo;eux, manifestations de la tradition et de la d\u00e9votion qui lient les habitants de Biscaye \u00e0 ces lieux depuis les temps les plus recul\u00e9s.<\/p>\n<p>[\/et_pb_text][et_pb_button button_url=\u00a0\u00bbhttps:\/\/ermitasdebizkaia.com\u00a0\u00bb url_new_window=\u00a0\u00bbon\u00a0\u00bb button_text=\u00a0\u00bbSite des ermitages\u00a0\u00bb _builder_version=\u00a0\u00bb4.20.2&Prime; _module_preset=\u00a0\u00bbdefault\u00a0\u00bb custom_button=\u00a0\u00bbon\u00a0\u00bb button_text_color=\u00a0\u00bb#FFFFFF\u00a0\u00bb button_bg_color=\u00a0\u00bb#A06D00&Prime; button_border_color=\u00a0\u00bb#A06D00&Prime; button_icon=\u00a0\u00bb&#xe00e;||divi||400&Prime; button_on_hover=\u00a0\u00bboff\u00a0\u00bb global_colors_info=\u00a0\u00bb{}\u00a0\u00bb button_text_color__hover=\u00a0\u00bb#FFFFFF\u00a0\u00bb button_text_color__hover_enabled=\u00a0\u00bbon|hover\u00a0\u00bb button_bg_color__hover=\u00a0\u00bb#00534D\u00a0\u00bb button_bg_color__hover_enabled=\u00a0\u00bbon|hover\u00a0\u00bb button_border_color__hover=\u00a0\u00bb#00534D\u00a0\u00bb button_border_color__hover_enabled=\u00a0\u00bbon|hover\u00a0\u00bb][\/et_pb_button][\/et_pb_column][\/et_pb_row][et_pb_row _builder_version=\u00a0\u00bb4.20.0&Prime; _module_preset=\u00a0\u00bbdefault\u00a0\u00bb global_colors_info=\u00a0\u00bb{}\u00a0\u00bb][et_pb_column type=\u00a0\u00bb4_4&Prime; _builder_version=\u00a0\u00bb4.20.0&Prime; _module_preset=\u00a0\u00bbdefault\u00a0\u00bb global_colors_info=\u00a0\u00bb{}\u00a0\u00bb][et_pb_code _builder_version=\u00a0\u00bb4.20.2&Prime; _module_preset=\u00a0\u00bbdefault\u00a0\u00bb global_colors_info=\u00a0\u00bb{}\u00a0\u00bb]<iframe loading=\"lazy\" src=\"https:\/\/www.google.com\/maps\/d\/embed?mid=1iS-DZE3QzAviHWq6M5ZfXP4kPDOq7xc&amp;ehbc=2E312F\" width=\"1000%\" height=\"480\"><\/iframe>[\/et_pb_code][\/et_pb_column][\/et_pb_row][\/et_pb_section][et_pb_section fb_built=\u00a0\u00bb1&Prime; module_id=\u00a0\u00bbiglesias\u00a0\u00bb _builder_version=\u00a0\u00bb4.20.0&Prime; _module_preset=\u00a0\u00bbdefault\u00a0\u00bb background_color=\u00a0\u00bbrgba(0,0,0,0.9)\u00a0\u00bb background_enable_mask_style=\u00a0\u00bbon\u00a0\u00bb background_mask_style=\u00a0\u00bbdiagonal-bars-2&Prime; background_mask_color=\u00a0\u00bb#000000&Prime; global_colors_info=\u00a0\u00bb{}\u00a0\u00bb][et_pb_row column_structure=\u00a0\u00bb1_2,1_2&Prime; _builder_version=\u00a0\u00bb4.19.5&Prime; _module_preset=\u00a0\u00bbdefault\u00a0\u00bb global_colors_info=\u00a0\u00bb{}\u00a0\u00bb][et_pb_column type=\u00a0\u00bb1_2&Prime; _builder_version=\u00a0\u00bb4.19.5&Prime; _module_preset=\u00a0\u00bbdefault\u00a0\u00bb global_colors_info=\u00a0\u00bb{}\u00a0\u00bb][et_pb_image src=\u00a0\u00bbhttps:\/\/eleizmuseoa.com\/wp-content\/uploads\/Iglesias-de-Bizkaia.jpg\u00a0\u00bb title_text=\u00a0\u00bb\u00c9glises de Biscaye\u00a0\u00bb _builder_version=\u00a0\u00bb4.19.5&Prime; _module_preset=\u00a0\u00bbdefault\u00a0\u00bb border_radii=\u00a0\u00bboff|10px||10px|\u00a0\u00bb global_colors_info=\u00a0\u00bb{}\u00a0\u00bb][\/et_pb_image][\/et_pb_column][et_pb_column type=\u00a0\u00bb1_2&Prime; _builder_version=\u00a0\u00bb4.19.5&Prime; _module_preset=\u00a0\u00bbdefault\u00a0\u00bb global_colors_info=\u00a0\u00bb{}\u00a0\u00bb][et_pb_text quote_border_color=\u00a0\u00bb#A06D00&Prime; _builder_version=\u00a0\u00bb4.20.2&Prime; _module_preset=\u00a0\u00bbdefault\u00a0\u00bb quote_text_color=\u00a0\u00bb#FFFFFF\u00a0\u00bb header_2_font=\u00a0\u00bb|700|||||||\u00a0\u00bb header_2_text_color=\u00a0\u00bb#A06D00&Prime; header_2_font_size=\u00a0\u00bb28px\u00a0\u00bb background_layout=\u00a0\u00bbdark\u00a0\u00bb global_colors_info=\u00a0\u00bb{}\u00a0\u00bb]<\/p>\n<blockquote>\n<h2>Le chemin de Saint-Jacques :<br \/>Les \u00e9glises<\/h2>\n<\/blockquote>\n<p>[\/et_pb_text][et_pb_text _builder_version=\u00a0\u00bb4.20.2&Prime; _module_preset=\u00a0\u00bbdefault\u00a0\u00bb background_layout=\u00a0\u00bbdark\u00a0\u00bb global_colors_info=\u00a0\u00bb{}\u00a0\u00bb]<\/p>\n<p>Les villages et les villes rurales nous surprennent par leurs nombreux \u00e9difices monumentaux. Et les \u00e9glises en sont toujours les principaux protagonistes.<\/p>\n<p>Nous visitons ici les \u00e9glises du Chemin de Saint-Jacques class\u00e9es monumentales, des temples qui s\u00e9duisent par leur histoire et par la richesse artistique qu\u2019ils conservent \u00e0 l\u2019int\u00e9rieur.<\/p>\n<p>Une bo\u00eete \u00e0 surprises qui ne demande qu\u2019\u00e0 \u00eatre ouverte.<\/p>\n<p>[\/et_pb_text][et_pb_button button_url=\u00a0\u00bbhttp:\/\/iglesiasdebizkaia.com\/\u00a0\u00bb url_new_window=\u00a0\u00bbon\u00a0\u00bb button_text=\u00a0\u00bbSite des \u00e9glises\u00a0\u00bb _builder_version=\u00a0\u00bb4.20.2&Prime; _module_preset=\u00a0\u00bbdefault\u00a0\u00bb custom_button=\u00a0\u00bbon\u00a0\u00bb button_text_color=\u00a0\u00bb#FFFFFF\u00a0\u00bb button_bg_color=\u00a0\u00bb#A06D00&Prime; button_border_color=\u00a0\u00bb#A06D00&Prime; button_icon=\u00a0\u00bb&#xe00e;||divi||400&Prime; button_on_hover=\u00a0\u00bboff\u00a0\u00bb global_colors_info=\u00a0\u00bb{}\u00a0\u00bb button_text_color__hover=\u00a0\u00bb#FFFFFF\u00a0\u00bb button_text_color__hover_enabled=\u00a0\u00bbon|hover\u00a0\u00bb button_bg_color__hover=\u00a0\u00bb#00534D\u00a0\u00bb button_bg_color__hover_enabled=\u00a0\u00bbon|hover\u00a0\u00bb button_border_color__hover=\u00a0\u00bb#00534D\u00a0\u00bb button_border_color__hover_enabled=\u00a0\u00bbon|hover\u00a0\u00bb][\/et_pb_button][\/et_pb_column][\/et_pb_row][et_pb_row _builder_version=\u00a0\u00bb4.20.0&Prime; _module_preset=\u00a0\u00bbdefault\u00a0\u00bb global_colors_info=\u00a0\u00bb{}\u00a0\u00bb][et_pb_column type=\u00a0\u00bb4_4&Prime; _builder_version=\u00a0\u00bb4.20.0&Prime; _module_preset=\u00a0\u00bbdefault\u00a0\u00bb global_colors_info=\u00a0\u00bb{}\u00a0\u00bb][et_pb_code _builder_version=\u00a0\u00bb4.20.2&Prime; _module_preset=\u00a0\u00bbdefault\u00a0\u00bb global_colors_info=\u00a0\u00bb{}\u00a0\u00bb]<iframe loading=\"lazy\" src=\"https:\/\/www.google.com\/maps\/d\/embed?mid=1S4v_E5zC5mRNKRj7XL_I-tFcqP4YoxE&amp;ehbc=2E312F\" width=\"1000%\" height=\"480\"><\/iframe>[\/et_pb_code][\/et_pb_column][\/et_pb_row][\/et_pb_section][et_pb_section fb_built=\u00a0\u00bb1&Prime; module_id=\u00a0\u00bbretablos\u00a0\u00bb _builder_version=\u00a0\u00bb4.20.0&Prime; _module_preset=\u00a0\u00bbdefault\u00a0\u00bb background_color=\u00a0\u00bbrgba(160,109,0,0.1)\u00a0\u00bb background_enable_mask_style=\u00a0\u00bbon\u00a0\u00bb background_mask_style=\u00a0\u00bbdiagonal-bars\u00a0\u00bb background_mask_color=\u00a0\u00bbrgba(160,109,0,0.05)\u00a0\u00bb background_mask_transform=\u00a0\u00bbinvert|flip_horizontal\u00a0\u00bb global_colors_info=\u00a0\u00bb{}\u00a0\u00bb][et_pb_row column_structure=\u00a0\u00bb1_2,1_2&Prime; _builder_version=\u00a0\u00bb4.19.5&Prime; _module_preset=\u00a0\u00bbdefault\u00a0\u00bb global_colors_info=\u00a0\u00bb{}\u00a0\u00bb][et_pb_column type=\u00a0\u00bb1_2&Prime; _builder_version=\u00a0\u00bb4.19.5&Prime; _module_preset=\u00a0\u00bbdefault\u00a0\u00bb global_colors_info=\u00a0\u00bb{}\u00a0\u00bb][et_pb_image src=\u00a0\u00bbhttps:\/\/eleizmuseoa.com\/wp-content\/uploads\/Retablos-en-Bizkaia.jpg\u00a0\u00bb alt=\u00a0\u00bbRetables de Biscaye\u00a0\u00bb title_text=\u00a0\u00bbRetables de Biscaye\u00a0\u00bb _builder_version=\u00a0\u00bb4.19.5&Prime; _module_preset=\u00a0\u00bbdefault\u00a0\u00bb border_radii=\u00a0\u00bboff|10px||10px|\u00a0\u00bb global_colors_info=\u00a0\u00bb{}\u00a0\u00bb][\/et_pb_image][\/et_pb_column][et_pb_column type=\u00a0\u00bb1_2&Prime; _builder_version=\u00a0\u00bb4.19.5&Prime; _module_preset=\u00a0\u00bbdefault\u00a0\u00bb global_colors_info=\u00a0\u00bb{}\u00a0\u00bb][et_pb_text quote_border_color=\u00a0\u00bb#A06D00&Prime; _builder_version=\u00a0\u00bb4.20.2&Prime; _module_preset=\u00a0\u00bbdefault\u00a0\u00bb header_2_font=\u00a0\u00bb|700|||||||\u00a0\u00bb header_2_text_color=\u00a0\u00bb#00534D\u00a0\u00bb header_2_font_size=\u00a0\u00bb28px\u00a0\u00bb global_colors_info=\u00a0\u00bb{}\u00a0\u00bb]<\/p>\n<blockquote>\n<h2>Retables monumentaux<\/h2>\n<\/blockquote>\n<p>[\/et_pb_text][et_pb_text _builder_version=\u00a0\u00bb4.20.2&Prime; _module_preset=\u00a0\u00bbdefault\u00a0\u00bb global_colors_info=\u00a0\u00bb{}\u00a0\u00bb]<\/p>\n<p>42 retables ont \u00e9t\u00e9 d\u00e9clar\u00e9s monuments en raison de leur caract\u00e8re unique, de leur int\u00e9r\u00eat et de leur repr\u00e9sentativit\u00e9. Ce sont des \u0153uvres d\u2019art complexes dans lesquelles l\u2019architecture, la sculpture et la peinture forment un tout.<\/p>\n<p>Miroirs de la mentalit\u00e9 religieuse de chaque \u00e9poque, ils permettent de mieux conna\u00eetre cette soci\u00e9t\u00e9, son \u00e9conomie, ses go\u00fbts artistiques&#8230; Ils nous renvoient \u00e0 un mode de vie et \u00e0 une mani\u00e8re de sentir qui sont \u00e9trangers \u00e0 notre \u00e9poque.<\/p>\n<p>[\/et_pb_text][et_pb_button button_url=\u00a0\u00bbhttps:\/\/www.retablosdebizkaia.com\/\u00a0\u00bb url_new_window=\u00a0\u00bbon\u00a0\u00bb button_text=\u00a0\u00bbSite des retables\u00a0\u00bb _builder_version=\u00a0\u00bb4.20.2&Prime; _module_preset=\u00a0\u00bbdefault\u00a0\u00bb custom_button=\u00a0\u00bbon\u00a0\u00bb button_text_color=\u00a0\u00bb#FFFFFF\u00a0\u00bb button_bg_color=\u00a0\u00bb#A06D00&Prime; button_border_color=\u00a0\u00bb#A06D00&Prime; button_icon=\u00a0\u00bb&#xe00e;||divi||400&Prime; button_on_hover=\u00a0\u00bboff\u00a0\u00bb global_colors_info=\u00a0\u00bb{}\u00a0\u00bb button_text_color__hover=\u00a0\u00bb#FFFFFF\u00a0\u00bb button_text_color__hover_enabled=\u00a0\u00bbon|hover\u00a0\u00bb button_bg_color__hover=\u00a0\u00bb#00534D\u00a0\u00bb button_bg_color__hover_enabled=\u00a0\u00bbon|hover\u00a0\u00bb button_border_color__hover=\u00a0\u00bb#00534D\u00a0\u00bb button_border_color__hover_enabled=\u00a0\u00bbon|hover\u00a0\u00bb][\/et_pb_button][\/et_pb_column][\/et_pb_row][et_pb_row _builder_version=\u00a0\u00bb4.20.0&Prime; _module_preset=\u00a0\u00bbdefault\u00a0\u00bb global_colors_info=\u00a0\u00bb{}\u00a0\u00bb][et_pb_column type=\u00a0\u00bb4_4&Prime; _builder_version=\u00a0\u00bb4.20.0&Prime; _module_preset=\u00a0\u00bbdefault\u00a0\u00bb global_colors_info=\u00a0\u00bb{}\u00a0\u00bb][et_pb_code _builder_version=\u00a0\u00bb4.20.2&Prime; _module_preset=\u00a0\u00bbdefault\u00a0\u00bb global_colors_info=\u00a0\u00bb{}\u00a0\u00bb]<iframe loading=\"lazy\" src=\"https:\/\/www.google.com\/maps\/d\/embed?mid=1OJJvd2SQmgKM1VshW5UnxeVWH1OI7OY&amp;ehbc=2E312F\" width=\"100%\" height=\"480\"><\/iframe>[\/et_pb_code][\/et_pb_column][\/et_pb_row][\/et_pb_section]<\/p>\n","protected":false},"excerpt":{"rendered":"<p>L\u00e1ert Sacr\u00e9 en Bizkaia Ermitages de Biscaye Les ermitages, connus en basque sous le nom de baseliza ou eliza\u00f1o, sont des sanctuaires g\u00e9n\u00e9ralement situ\u00e9s dans des zones inhabit\u00e9es et repr\u00e9sentent un \u00e9l\u00e9ment culturel \u00e9troitement li\u00e9 \u00e0 nos traditions. Il y a eu plus de sept cents ermitages en Biscaye, mais il n&rsquo;en reste aujourd&rsquo;hui qu&rsquo;environ [&hellip;]<\/p>\n","protected":false},"author":1,"featured_media":0,"parent":0,"menu_order":0,"comment_status":"closed","ping_status":"closed","template":"","meta":{"_et_pb_use_builder":"on","_et_pb_old_content":"","_et_gb_content_width":"","footnotes":""},"class_list":["post-847","page","type-page","status-publish","hentry"],"yoast_head":"<!-- This site is optimized with the Yoast SEO plugin v27.3 - https:\/\/yoast.com\/product\/yoast-seo-wordpress\/ -->\n<title>L\u00e1ert Sacr\u00e9 en Bizkaia | Museo Arte Sacro Bilbao<\/title>\n<meta name=\"description\" content=\"L\u00e1ert Sacr\u00e9 en Bizkaia. Les ermitages du Camino de Santiago, les \u00e9glises du Camino de Santiago et les retables monumentaux.\" \/>\n<meta name=\"robots\" content=\"index, follow, max-snippet:-1, max-image-preview:large, max-video-preview:-1\" \/>\n<link rel=\"canonical\" href=\"https:\/\/eleizmuseoa.com\/fr\/laert-sacre-en-bizkaia\/\" \/>\n<meta property=\"og:locale\" content=\"fr_FR\" \/>\n<meta property=\"og:type\" content=\"article\" \/>\n<meta property=\"og:title\" content=\"L\u00e1ert Sacr\u00e9 en Bizkaia | Museo Arte Sacro Bilbao\" \/>\n<meta property=\"og:description\" content=\"L\u00e1ert Sacr\u00e9 en Bizkaia. Les ermitages du Camino de Santiago, les \u00e9glises du Camino de Santiago et les retables monumentaux.\" \/>\n<meta property=\"og:url\" content=\"https:\/\/eleizmuseoa.com\/fr\/laert-sacre-en-bizkaia\/\" \/>\n<meta property=\"og:site_name\" content=\"Museo Arte Sacro Bilbao\" \/>\n<meta property=\"article:publisher\" content=\"https:\/\/www.facebook.com\/museoartebilbao\" \/>\n<meta property=\"article:modified_time\" content=\"2024-05-30T09:55:37+00:00\" \/>\n<meta property=\"og:image\" content=\"https:\/\/eleizmuseoa.com\/wp-content\/uploads\/El-edificio-Museo-Arte-Sacro-Bilbao-1.jpg\" \/>\n\t<meta property=\"og:image:width\" content=\"800\" \/>\n\t<meta property=\"og:image:height\" content=\"600\" \/>\n\t<meta property=\"og:image:type\" content=\"image\/jpeg\" \/>\n<script type=\"application\/ld+json\" class=\"yoast-schema-graph\">{\"@context\":\"https:\\\/\\\/schema.org\",\"@graph\":[{\"@type\":\"WebPage\",\"@id\":\"https:\\\/\\\/eleizmuseoa.com\\\/fr\\\/laert-sacre-en-bizkaia\\\/\",\"url\":\"https:\\\/\\\/eleizmuseoa.com\\\/fr\\\/laert-sacre-en-bizkaia\\\/\",\"name\":\"L\u00e1ert Sacr\u00e9 en Bizkaia | Museo Arte Sacro Bilbao\",\"isPartOf\":{\"@id\":\"https:\\\/\\\/eleizmuseoa.com\\\/fr\\\/#website\"},\"datePublished\":\"2023-01-23T13:44:31+00:00\",\"dateModified\":\"2024-05-30T09:55:37+00:00\",\"description\":\"L\u00e1ert Sacr\u00e9 en Bizkaia. Les ermitages du Camino de Santiago, les \u00e9glises du Camino de Santiago et les retables monumentaux.\",\"breadcrumb\":{\"@id\":\"https:\\\/\\\/eleizmuseoa.com\\\/fr\\\/laert-sacre-en-bizkaia\\\/#breadcrumb\"},\"inLanguage\":\"fr-FR\",\"potentialAction\":[{\"@type\":\"ReadAction\",\"target\":[\"https:\\\/\\\/eleizmuseoa.com\\\/fr\\\/laert-sacre-en-bizkaia\\\/\"]}]},{\"@type\":\"BreadcrumbList\",\"@id\":\"https:\\\/\\\/eleizmuseoa.com\\\/fr\\\/laert-sacre-en-bizkaia\\\/#breadcrumb\",\"itemListElement\":[{\"@type\":\"ListItem\",\"position\":1,\"name\":\"Portada\",\"item\":\"https:\\\/\\\/eleizmuseoa.com\\\/fr\\\/musee-dart-sacre-de-bilbao\\\/\"},{\"@type\":\"ListItem\",\"position\":2,\"name\":\"L\u00e1ert Sacr\u00e9 en Bizkaia\"}]},{\"@type\":\"WebSite\",\"@id\":\"https:\\\/\\\/eleizmuseoa.com\\\/fr\\\/#website\",\"url\":\"https:\\\/\\\/eleizmuseoa.com\\\/fr\\\/\",\"name\":\"Museo Arte Sacro Bilbao\",\"description\":\"Eleiz Museoa Bilbao\",\"publisher\":{\"@id\":\"https:\\\/\\\/eleizmuseoa.com\\\/fr\\\/#organization\"},\"alternateName\":\"Museo de Arte Sacro de Bilbao\",\"potentialAction\":[{\"@type\":\"SearchAction\",\"target\":{\"@type\":\"EntryPoint\",\"urlTemplate\":\"https:\\\/\\\/eleizmuseoa.com\\\/fr\\\/?s={search_term_string}\"},\"query-input\":{\"@type\":\"PropertyValueSpecification\",\"valueRequired\":true,\"valueName\":\"search_term_string\"}}],\"inLanguage\":\"fr-FR\"},{\"@type\":\"Organization\",\"@id\":\"https:\\\/\\\/eleizmuseoa.com\\\/fr\\\/#organization\",\"name\":\"Museo Arte Sacro de Bilbao\",\"alternateName\":\"Museo de Arte Sacro de Bilbao\",\"url\":\"https:\\\/\\\/eleizmuseoa.com\\\/fr\\\/\",\"logo\":{\"@type\":\"ImageObject\",\"inLanguage\":\"fr-FR\",\"@id\":\"https:\\\/\\\/eleizmuseoa.com\\\/fr\\\/#\\\/schema\\\/logo\\\/image\\\/\",\"url\":\"https:\\\/\\\/eleizmuseoa.com\\\/wp-content\\\/uploads\\\/Museo-Arte-Sacro-logo.png\",\"contentUrl\":\"https:\\\/\\\/eleizmuseoa.com\\\/wp-content\\\/uploads\\\/Museo-Arte-Sacro-logo.png\",\"width\":341,\"height\":75,\"caption\":\"Museo Arte Sacro de Bilbao\"},\"image\":{\"@id\":\"https:\\\/\\\/eleizmuseoa.com\\\/fr\\\/#\\\/schema\\\/logo\\\/image\\\/\"},\"sameAs\":[\"https:\\\/\\\/www.facebook.com\\\/museoartebilbao\",\"https:\\\/\\\/www.youtube.com\\\/channel\\\/UC9NOH7JBvYISiBVRGmEuCVw\",\"https:\\\/\\\/www.instagram.com\\\/museoartesacrobilbao\\\/\"]}]}<\/script>\n<!-- \/ Yoast SEO plugin. -->","yoast_head_json":{"title":"L\u00e1ert Sacr\u00e9 en Bizkaia | Museo Arte Sacro Bilbao","description":"L\u00e1ert Sacr\u00e9 en Bizkaia. Les ermitages du Camino de Santiago, les \u00e9glises du Camino de Santiago et les retables monumentaux.","robots":{"index":"index","follow":"follow","max-snippet":"max-snippet:-1","max-image-preview":"max-image-preview:large","max-video-preview":"max-video-preview:-1"},"canonical":"https:\/\/eleizmuseoa.com\/fr\/laert-sacre-en-bizkaia\/","og_locale":"fr_FR","og_type":"article","og_title":"L\u00e1ert Sacr\u00e9 en Bizkaia | Museo Arte Sacro Bilbao","og_description":"L\u00e1ert Sacr\u00e9 en Bizkaia. Les ermitages du Camino de Santiago, les \u00e9glises du Camino de Santiago et les retables monumentaux.","og_url":"https:\/\/eleizmuseoa.com\/fr\/laert-sacre-en-bizkaia\/","og_site_name":"Museo Arte Sacro Bilbao","article_publisher":"https:\/\/www.facebook.com\/museoartebilbao","article_modified_time":"2024-05-30T09:55:37+00:00","og_image":[{"width":800,"height":600,"url":"https:\/\/eleizmuseoa.com\/wp-content\/uploads\/El-edificio-Museo-Arte-Sacro-Bilbao-1.jpg","type":"image\/jpeg"}],"schema":{"@context":"https:\/\/schema.org","@graph":[{"@type":"WebPage","@id":"https:\/\/eleizmuseoa.com\/fr\/laert-sacre-en-bizkaia\/","url":"https:\/\/eleizmuseoa.com\/fr\/laert-sacre-en-bizkaia\/","name":"L\u00e1ert Sacr\u00e9 en Bizkaia | Museo Arte Sacro Bilbao","isPartOf":{"@id":"https:\/\/eleizmuseoa.com\/fr\/#website"},"datePublished":"2023-01-23T13:44:31+00:00","dateModified":"2024-05-30T09:55:37+00:00","description":"L\u00e1ert Sacr\u00e9 en Bizkaia. Les ermitages du Camino de Santiago, les \u00e9glises du Camino de Santiago et les retables monumentaux.","breadcrumb":{"@id":"https:\/\/eleizmuseoa.com\/fr\/laert-sacre-en-bizkaia\/#breadcrumb"},"inLanguage":"fr-FR","potentialAction":[{"@type":"ReadAction","target":["https:\/\/eleizmuseoa.com\/fr\/laert-sacre-en-bizkaia\/"]}]},{"@type":"BreadcrumbList","@id":"https:\/\/eleizmuseoa.com\/fr\/laert-sacre-en-bizkaia\/#breadcrumb","itemListElement":[{"@type":"ListItem","position":1,"name":"Portada","item":"https:\/\/eleizmuseoa.com\/fr\/musee-dart-sacre-de-bilbao\/"},{"@type":"ListItem","position":2,"name":"L\u00e1ert Sacr\u00e9 en Bizkaia"}]},{"@type":"WebSite","@id":"https:\/\/eleizmuseoa.com\/fr\/#website","url":"https:\/\/eleizmuseoa.com\/fr\/","name":"Museo Arte Sacro Bilbao","description":"Eleiz Museoa Bilbao","publisher":{"@id":"https:\/\/eleizmuseoa.com\/fr\/#organization"},"alternateName":"Museo de Arte Sacro de Bilbao","potentialAction":[{"@type":"SearchAction","target":{"@type":"EntryPoint","urlTemplate":"https:\/\/eleizmuseoa.com\/fr\/?s={search_term_string}"},"query-input":{"@type":"PropertyValueSpecification","valueRequired":true,"valueName":"search_term_string"}}],"inLanguage":"fr-FR"},{"@type":"Organization","@id":"https:\/\/eleizmuseoa.com\/fr\/#organization","name":"Museo Arte Sacro de Bilbao","alternateName":"Museo de Arte Sacro de Bilbao","url":"https:\/\/eleizmuseoa.com\/fr\/","logo":{"@type":"ImageObject","inLanguage":"fr-FR","@id":"https:\/\/eleizmuseoa.com\/fr\/#\/schema\/logo\/image\/","url":"https:\/\/eleizmuseoa.com\/wp-content\/uploads\/Museo-Arte-Sacro-logo.png","contentUrl":"https:\/\/eleizmuseoa.com\/wp-content\/uploads\/Museo-Arte-Sacro-logo.png","width":341,"height":75,"caption":"Museo Arte Sacro de Bilbao"},"image":{"@id":"https:\/\/eleizmuseoa.com\/fr\/#\/schema\/logo\/image\/"},"sameAs":["https:\/\/www.facebook.com\/museoartebilbao","https:\/\/www.youtube.com\/channel\/UC9NOH7JBvYISiBVRGmEuCVw","https:\/\/www.instagram.com\/museoartesacrobilbao\/"]}]}},"_links":{"self":[{"href":"https:\/\/eleizmuseoa.com\/fr\/wp-json\/wp\/v2\/pages\/847","targetHints":{"allow":["GET"]}}],"collection":[{"href":"https:\/\/eleizmuseoa.com\/fr\/wp-json\/wp\/v2\/pages"}],"about":[{"href":"https:\/\/eleizmuseoa.com\/fr\/wp-json\/wp\/v2\/types\/page"}],"author":[{"embeddable":true,"href":"https:\/\/eleizmuseoa.com\/fr\/wp-json\/wp\/v2\/users\/1"}],"replies":[{"embeddable":true,"href":"https:\/\/eleizmuseoa.com\/fr\/wp-json\/wp\/v2\/comments?post=847"}],"version-history":[{"count":0,"href":"https:\/\/eleizmuseoa.com\/fr\/wp-json\/wp\/v2\/pages\/847\/revisions"}],"wp:attachment":[{"href":"https:\/\/eleizmuseoa.com\/fr\/wp-json\/wp\/v2\/media?parent=847"}],"curies":[{"name":"wp","href":"https:\/\/api.w.org\/{rel}","templated":true}]}}