{"id":828,"date":"2023-01-23T13:47:28","date_gmt":"2023-01-23T13:47:28","guid":{"rendered":"https:\/\/eleizmuseoa.com\/nouvelles-du-musee\/"},"modified":"2023-09-22T08:33:18","modified_gmt":"2023-09-22T08:33:18","slug":"nouvelles-du-musee","status":"publish","type":"page","link":"https:\/\/eleizmuseoa.com\/fr\/nouvelles-du-musee\/","title":{"rendered":"Nouvelles du mus\u00e9e"},"content":{"rendered":"<p>[et_pb_section fb_built=\u00a0\u00bb1&Prime; _builder_version=\u00a0\u00bb4.20.0&Prime; _module_preset=\u00a0\u00bbdefault\u00a0\u00bb background_color=\u00a0\u00bbrgba(0,0,0,0.4)\u00a0\u00bb background_image=\u00a0\u00bbhttps:\/\/eleizmuseoa.com\/wp-content\/uploads\/Actualidad-Museo-Sacro-Bilbao.jpg\u00a0\u00bb background_blend=\u00a0\u00bboverlay\u00a0\u00bb border_width_bottom=\u00a0\u00bb6px\u00a0\u00bb border_color_bottom=\u00a0\u00bb#A06D00&Prime; locked=\u00a0\u00bboff\u00a0\u00bb global_colors_info=\u00a0\u00bb{}\u00a0\u00bb][et_pb_row _builder_version=\u00a0\u00bb4.19.5&Prime; _module_preset=\u00a0\u00bbdefault\u00a0\u00bb global_colors_info=\u00a0\u00bb{}\u00a0\u00bb][et_pb_column type=\u00a0\u00bb4_4&Prime; _builder_version=\u00a0\u00bb4.19.5&Prime; _module_preset=\u00a0\u00bbdefault\u00a0\u00bb global_colors_info=\u00a0\u00bb{}\u00a0\u00bb][et_pb_text _builder_version=\u00a0\u00bb4.20.0&Prime; _module_preset=\u00a0\u00bbdefault\u00a0\u00bb header_text_color=\u00a0\u00bb#FFFFFF\u00a0\u00bb header_font_size=\u00a0\u00bb50px\u00a0\u00bb header_font_size_tablet=\u00a0\u00bb50px\u00a0\u00bb header_font_size_phone=\u00a0\u00bb50px\u00a0\u00bb header_font_size_last_edited=\u00a0\u00bbon|phone\u00a0\u00bb header_text_shadow_style=\u00a0\u00bbpreset1&Prime; global_colors_info=\u00a0\u00bb{}\u00a0\u00bb]<\/p>\n<h1><strong>Nouvelles du mus\u00e9e<\/strong><\/h1>\n<p>[\/et_pb_text][\/et_pb_column][\/et_pb_row][\/et_pb_section][et_pb_section fb_built=\u00a0\u00bb1&Prime; _builder_version=\u00a0\u00bb4.20.0&Prime; _module_preset=\u00a0\u00bbdefault\u00a0\u00bb global_colors_info=\u00a0\u00bb{}\u00a0\u00bb][et_pb_row _builder_version=\u00a0\u00bb4.20.0&Prime; _module_preset=\u00a0\u00bbdefault\u00a0\u00bb global_colors_info=\u00a0\u00bb{}\u00a0\u00bb][et_pb_column type=\u00a0\u00bb4_4&Prime; _builder_version=\u00a0\u00bb4.20.0&Prime; _module_preset=\u00a0\u00bbdefault\u00a0\u00bb global_colors_info=\u00a0\u00bb{}\u00a0\u00bb][et_pb_blog fullwidth=\u00a0\u00bboff\u00a0\u00bb posts_number=\u00a0\u00bb16&Prime; include_categories=\u00a0\u00bb26&Prime; meta_date=\u00a0\u00bbj M, Y\u00a0\u00bb show_more=\u00a0\u00bbon\u00a0\u00bb show_author=\u00a0\u00bboff\u00a0\u00bb show_categories=\u00a0\u00bboff\u00a0\u00bb use_overlay=\u00a0\u00bbon\u00a0\u00bb _builder_version=\u00a0\u00bb4.22.2&Prime; _module_preset=\u00a0\u00bbdefault\u00a0\u00bb header_font=\u00a0\u00bb|600|||||||\u00a0\u00bb meta_font_size=\u00a0\u00bb14px\u00a0\u00bb hover_enabled=\u00a0\u00bb0&Prime; global_colors_info=\u00a0\u00bb{}\u00a0\u00bb sticky_enabled=\u00a0\u00bb0&Prime;][\/et_pb_blog][\/et_pb_column][\/et_pb_row][\/et_pb_section]<\/p>\n","protected":false},"excerpt":{"rendered":"<p>Nouvelles du mus\u00e9e<\/p>\n","protected":false},"author":1,"featured_media":0,"parent":0,"menu_order":0,"comment_status":"closed","ping_status":"closed","template":"","meta":{"_et_pb_use_builder":"on","_et_pb_old_content":"","_et_gb_content_width":"","footnotes":""},"class_list":["post-828","page","type-page","status-publish","hentry"],"yoast_head":"<!-- This site is optimized with the Yoast SEO plugin v27.3 - https:\/\/yoast.com\/product\/yoast-seo-wordpress\/ -->\n<title>Nouvelles du mus\u00e9e | Museo Arte Sacro Bilbao<\/title>\n<meta name=\"description\" content=\"Nouvelles du Mus\u00e9e d&#039;Art Sacr\u00e9 de Bilbao. Des nouvelles sur les expositions, les restaurations, notre collection et bien plus encore.\" \/>\n<meta name=\"robots\" content=\"index, follow, max-snippet:-1, max-image-preview:large, max-video-preview:-1\" \/>\n<link rel=\"canonical\" href=\"https:\/\/eleizmuseoa.com\/fr\/nouvelles-du-musee\/\" \/>\n<meta property=\"og:locale\" content=\"fr_FR\" \/>\n<meta property=\"og:type\" content=\"article\" \/>\n<meta property=\"og:title\" content=\"Nouvelles du mus\u00e9e | Museo Arte Sacro Bilbao\" \/>\n<meta property=\"og:description\" content=\"Nouvelles du Mus\u00e9e d&#039;Art Sacr\u00e9 de Bilbao. Des nouvelles sur les expositions, les restaurations, notre collection et bien plus encore.\" \/>\n<meta property=\"og:url\" content=\"https:\/\/eleizmuseoa.com\/fr\/nouvelles-du-musee\/\" \/>\n<meta property=\"og:site_name\" content=\"Museo Arte Sacro Bilbao\" \/>\n<meta property=\"article:publisher\" content=\"https:\/\/www.facebook.com\/museoartebilbao\" \/>\n<meta property=\"article:modified_time\" content=\"2023-09-22T08:33:18+00:00\" \/>\n<meta property=\"og:image\" content=\"https:\/\/eleizmuseoa.com\/wp-content\/uploads\/El-edificio-Museo-Arte-Sacro-Bilbao-1.jpg\" \/>\n\t<meta property=\"og:image:width\" content=\"800\" \/>\n\t<meta property=\"og:image:height\" content=\"600\" \/>\n\t<meta property=\"og:image:type\" content=\"image\/jpeg\" \/>\n<script type=\"application\/ld+json\" class=\"yoast-schema-graph\">{\"@context\":\"https:\\\/\\\/schema.org\",\"@graph\":[{\"@type\":\"WebPage\",\"@id\":\"https:\\\/\\\/eleizmuseoa.com\\\/fr\\\/nouvelles-du-musee\\\/\",\"url\":\"https:\\\/\\\/eleizmuseoa.com\\\/fr\\\/nouvelles-du-musee\\\/\",\"name\":\"Nouvelles du mus\u00e9e | Museo Arte Sacro Bilbao\",\"isPartOf\":{\"@id\":\"https:\\\/\\\/eleizmuseoa.com\\\/fr\\\/#website\"},\"datePublished\":\"2023-01-23T13:47:28+00:00\",\"dateModified\":\"2023-09-22T08:33:18+00:00\",\"description\":\"Nouvelles du Mus\u00e9e d'Art Sacr\u00e9 de Bilbao. Des nouvelles sur les expositions, les restaurations, notre collection et bien plus encore.\",\"breadcrumb\":{\"@id\":\"https:\\\/\\\/eleizmuseoa.com\\\/fr\\\/nouvelles-du-musee\\\/#breadcrumb\"},\"inLanguage\":\"fr-FR\",\"potentialAction\":[{\"@type\":\"ReadAction\",\"target\":[\"https:\\\/\\\/eleizmuseoa.com\\\/fr\\\/nouvelles-du-musee\\\/\"]}]},{\"@type\":\"BreadcrumbList\",\"@id\":\"https:\\\/\\\/eleizmuseoa.com\\\/fr\\\/nouvelles-du-musee\\\/#breadcrumb\",\"itemListElement\":[{\"@type\":\"ListItem\",\"position\":1,\"name\":\"Portada\",\"item\":\"https:\\\/\\\/eleizmuseoa.com\\\/fr\\\/musee-dart-sacre-de-bilbao\\\/\"},{\"@type\":\"ListItem\",\"position\":2,\"name\":\"Nouvelles du mus\u00e9e\"}]},{\"@type\":\"WebSite\",\"@id\":\"https:\\\/\\\/eleizmuseoa.com\\\/fr\\\/#website\",\"url\":\"https:\\\/\\\/eleizmuseoa.com\\\/fr\\\/\",\"name\":\"Museo Arte Sacro Bilbao\",\"description\":\"Eleiz Museoa Bilbao\",\"publisher\":{\"@id\":\"https:\\\/\\\/eleizmuseoa.com\\\/fr\\\/#organization\"},\"alternateName\":\"Museo de Arte Sacro de Bilbao\",\"potentialAction\":[{\"@type\":\"SearchAction\",\"target\":{\"@type\":\"EntryPoint\",\"urlTemplate\":\"https:\\\/\\\/eleizmuseoa.com\\\/fr\\\/?s={search_term_string}\"},\"query-input\":{\"@type\":\"PropertyValueSpecification\",\"valueRequired\":true,\"valueName\":\"search_term_string\"}}],\"inLanguage\":\"fr-FR\"},{\"@type\":\"Organization\",\"@id\":\"https:\\\/\\\/eleizmuseoa.com\\\/fr\\\/#organization\",\"name\":\"Museo Arte Sacro de Bilbao\",\"alternateName\":\"Museo de Arte Sacro de Bilbao\",\"url\":\"https:\\\/\\\/eleizmuseoa.com\\\/fr\\\/\",\"logo\":{\"@type\":\"ImageObject\",\"inLanguage\":\"fr-FR\",\"@id\":\"https:\\\/\\\/eleizmuseoa.com\\\/fr\\\/#\\\/schema\\\/logo\\\/image\\\/\",\"url\":\"https:\\\/\\\/eleizmuseoa.com\\\/wp-content\\\/uploads\\\/Museo-Arte-Sacro-logo.png\",\"contentUrl\":\"https:\\\/\\\/eleizmuseoa.com\\\/wp-content\\\/uploads\\\/Museo-Arte-Sacro-logo.png\",\"width\":341,\"height\":75,\"caption\":\"Museo Arte Sacro de Bilbao\"},\"image\":{\"@id\":\"https:\\\/\\\/eleizmuseoa.com\\\/fr\\\/#\\\/schema\\\/logo\\\/image\\\/\"},\"sameAs\":[\"https:\\\/\\\/www.facebook.com\\\/museoartebilbao\",\"https:\\\/\\\/www.youtube.com\\\/channel\\\/UC9NOH7JBvYISiBVRGmEuCVw\",\"https:\\\/\\\/www.instagram.com\\\/museoartesacrobilbao\\\/\"]}]}<\/script>\n<!-- \/ Yoast SEO plugin. -->","yoast_head_json":{"title":"Nouvelles du mus\u00e9e | Museo Arte Sacro Bilbao","description":"Nouvelles du Mus\u00e9e d'Art Sacr\u00e9 de Bilbao. Des nouvelles sur les expositions, les restaurations, notre collection et bien plus encore.","robots":{"index":"index","follow":"follow","max-snippet":"max-snippet:-1","max-image-preview":"max-image-preview:large","max-video-preview":"max-video-preview:-1"},"canonical":"https:\/\/eleizmuseoa.com\/fr\/nouvelles-du-musee\/","og_locale":"fr_FR","og_type":"article","og_title":"Nouvelles du mus\u00e9e | Museo Arte Sacro Bilbao","og_description":"Nouvelles du Mus\u00e9e d'Art Sacr\u00e9 de Bilbao. Des nouvelles sur les expositions, les restaurations, notre collection et bien plus encore.","og_url":"https:\/\/eleizmuseoa.com\/fr\/nouvelles-du-musee\/","og_site_name":"Museo Arte Sacro Bilbao","article_publisher":"https:\/\/www.facebook.com\/museoartebilbao","article_modified_time":"2023-09-22T08:33:18+00:00","og_image":[{"width":800,"height":600,"url":"https:\/\/eleizmuseoa.com\/wp-content\/uploads\/El-edificio-Museo-Arte-Sacro-Bilbao-1.jpg","type":"image\/jpeg"}],"schema":{"@context":"https:\/\/schema.org","@graph":[{"@type":"WebPage","@id":"https:\/\/eleizmuseoa.com\/fr\/nouvelles-du-musee\/","url":"https:\/\/eleizmuseoa.com\/fr\/nouvelles-du-musee\/","name":"Nouvelles du mus\u00e9e | Museo Arte Sacro Bilbao","isPartOf":{"@id":"https:\/\/eleizmuseoa.com\/fr\/#website"},"datePublished":"2023-01-23T13:47:28+00:00","dateModified":"2023-09-22T08:33:18+00:00","description":"Nouvelles du Mus\u00e9e d'Art Sacr\u00e9 de Bilbao. Des nouvelles sur les expositions, les restaurations, notre collection et bien plus encore.","breadcrumb":{"@id":"https:\/\/eleizmuseoa.com\/fr\/nouvelles-du-musee\/#breadcrumb"},"inLanguage":"fr-FR","potentialAction":[{"@type":"ReadAction","target":["https:\/\/eleizmuseoa.com\/fr\/nouvelles-du-musee\/"]}]},{"@type":"BreadcrumbList","@id":"https:\/\/eleizmuseoa.com\/fr\/nouvelles-du-musee\/#breadcrumb","itemListElement":[{"@type":"ListItem","position":1,"name":"Portada","item":"https:\/\/eleizmuseoa.com\/fr\/musee-dart-sacre-de-bilbao\/"},{"@type":"ListItem","position":2,"name":"Nouvelles du mus\u00e9e"}]},{"@type":"WebSite","@id":"https:\/\/eleizmuseoa.com\/fr\/#website","url":"https:\/\/eleizmuseoa.com\/fr\/","name":"Museo Arte Sacro Bilbao","description":"Eleiz Museoa Bilbao","publisher":{"@id":"https:\/\/eleizmuseoa.com\/fr\/#organization"},"alternateName":"Museo de Arte Sacro de Bilbao","potentialAction":[{"@type":"SearchAction","target":{"@type":"EntryPoint","urlTemplate":"https:\/\/eleizmuseoa.com\/fr\/?s={search_term_string}"},"query-input":{"@type":"PropertyValueSpecification","valueRequired":true,"valueName":"search_term_string"}}],"inLanguage":"fr-FR"},{"@type":"Organization","@id":"https:\/\/eleizmuseoa.com\/fr\/#organization","name":"Museo Arte Sacro de Bilbao","alternateName":"Museo de Arte Sacro de Bilbao","url":"https:\/\/eleizmuseoa.com\/fr\/","logo":{"@type":"ImageObject","inLanguage":"fr-FR","@id":"https:\/\/eleizmuseoa.com\/fr\/#\/schema\/logo\/image\/","url":"https:\/\/eleizmuseoa.com\/wp-content\/uploads\/Museo-Arte-Sacro-logo.png","contentUrl":"https:\/\/eleizmuseoa.com\/wp-content\/uploads\/Museo-Arte-Sacro-logo.png","width":341,"height":75,"caption":"Museo Arte Sacro de Bilbao"},"image":{"@id":"https:\/\/eleizmuseoa.com\/fr\/#\/schema\/logo\/image\/"},"sameAs":["https:\/\/www.facebook.com\/museoartebilbao","https:\/\/www.youtube.com\/channel\/UC9NOH7JBvYISiBVRGmEuCVw","https:\/\/www.instagram.com\/museoartesacrobilbao\/"]}]}},"_links":{"self":[{"href":"https:\/\/eleizmuseoa.com\/fr\/wp-json\/wp\/v2\/pages\/828","targetHints":{"allow":["GET"]}}],"collection":[{"href":"https:\/\/eleizmuseoa.com\/fr\/wp-json\/wp\/v2\/pages"}],"about":[{"href":"https:\/\/eleizmuseoa.com\/fr\/wp-json\/wp\/v2\/types\/page"}],"author":[{"embeddable":true,"href":"https:\/\/eleizmuseoa.com\/fr\/wp-json\/wp\/v2\/users\/1"}],"replies":[{"embeddable":true,"href":"https:\/\/eleizmuseoa.com\/fr\/wp-json\/wp\/v2\/comments?post=828"}],"version-history":[{"count":0,"href":"https:\/\/eleizmuseoa.com\/fr\/wp-json\/wp\/v2\/pages\/828\/revisions"}],"wp:attachment":[{"href":"https:\/\/eleizmuseoa.com\/fr\/wp-json\/wp\/v2\/media?parent=828"}],"curies":[{"name":"wp","href":"https:\/\/api.w.org\/{rel}","templated":true}]}}