{"id":827,"date":"2023-01-23T13:43:52","date_gmt":"2023-01-23T13:43:52","guid":{"rendered":"https:\/\/eleizmuseoa.com\/activites-scolaires\/"},"modified":"2023-05-27T07:53:28","modified_gmt":"2023-05-27T07:53:28","slug":"activites-scolaires","status":"publish","type":"page","link":"https:\/\/eleizmuseoa.com\/fr\/activites-scolaires\/","title":{"rendered":"Activit\u00e9s scolaires"},"content":{"rendered":"<p>[et_pb_section fb_built=\u00a0\u00bb1&Prime; _builder_version=\u00a0\u00bb4.20.0&Prime; _module_preset=\u00a0\u00bbdefault\u00a0\u00bb background_color=\u00a0\u00bbrgba(0,0,0,0.4)\u00a0\u00bb background_image=\u00a0\u00bbhttps:\/\/eleizmuseoa.com\/wp-content\/uploads\/Actividaes-Escolares-Museo-Sacro-Bilbao.jpg\u00a0\u00bb background_blend=\u00a0\u00bboverlay\u00a0\u00bb border_width_bottom=\u00a0\u00bb6px\u00a0\u00bb border_color_bottom=\u00a0\u00bb#A06D00&Prime; global_colors_info=\u00a0\u00bb{}\u00a0\u00bb][et_pb_row _builder_version=\u00a0\u00bb4.19.5&Prime; _module_preset=\u00a0\u00bbdefault\u00a0\u00bb global_colors_info=\u00a0\u00bb{}\u00a0\u00bb][et_pb_column type=\u00a0\u00bb4_4&Prime; _builder_version=\u00a0\u00bb4.19.5&Prime; _module_preset=\u00a0\u00bbdefault\u00a0\u00bb global_colors_info=\u00a0\u00bb{}\u00a0\u00bb][et_pb_text _builder_version=\u00a0\u00bb4.19.5&Prime; _module_preset=\u00a0\u00bbdefault\u00a0\u00bb header_text_color=\u00a0\u00bb#FFFFFF\u00a0\u00bb header_font_size=\u00a0\u00bb50px\u00a0\u00bb header_font_size_tablet=\u00a0\u00bb50px\u00a0\u00bb header_font_size_phone=\u00a0\u00bb50px\u00a0\u00bb header_font_size_last_edited=\u00a0\u00bbon|phone\u00a0\u00bb header_text_shadow_style=\u00a0\u00bbpreset1&Prime; global_colors_info=\u00a0\u00bb{}\u00a0\u00bb]<\/p>\n<h1><strong>Activit\u00e9s scolaires<\/strong><\/h1>\n<p>[\/et_pb_text][\/et_pb_column][\/et_pb_row][\/et_pb_section][et_pb_section fb_built=\u00a0\u00bb1&Prime; module_id=\u00a0\u00bbdidacticos\u00a0\u00bb _builder_version=\u00a0\u00bb4.20.2&Prime; _module_preset=\u00a0\u00bbdefault\u00a0\u00bb background_color=\u00a0\u00bbrgba(0,0,0,0.9)\u00a0\u00bb background_enable_mask_style=\u00a0\u00bbon\u00a0\u00bb background_mask_style=\u00a0\u00bbdiagonal-bars-2&Prime; background_mask_color=\u00a0\u00bb#000000&Prime; global_colors_info=\u00a0\u00bb{}\u00a0\u00bb][et_pb_row column_structure=\u00a0\u00bb1_2,1_2&Prime; _builder_version=\u00a0\u00bb4.19.5&Prime; _module_preset=\u00a0\u00bbdefault\u00a0\u00bb global_colors_info=\u00a0\u00bb{}\u00a0\u00bb][et_pb_column type=\u00a0\u00bb1_2&Prime; _builder_version=\u00a0\u00bb4.19.5&Prime; _module_preset=\u00a0\u00bbdefault\u00a0\u00bb global_colors_info=\u00a0\u00bb{}\u00a0\u00bb][et_pb_image src=\u00a0\u00bbhttps:\/\/eleizmuseoa.com\/wp-content\/uploads\/Talleres-didacticos-Museo-Sacro-Bilbao.jpg\u00a0\u00bb alt=\u00a0\u00bbAteliers p\u00e9dagogiques\u00a0\u00bb title_text=\u00a0\u00bbAteliers p\u00e9dagogiques\u00a0\u00bb _builder_version=\u00a0\u00bb4.20.0&Prime; _module_preset=\u00a0\u00bbdefault\u00a0\u00bb border_radii=\u00a0\u00bboff|10px||10px|\u00a0\u00bb global_colors_info=\u00a0\u00bb{}\u00a0\u00bb][\/et_pb_image][\/et_pb_column][et_pb_column type=\u00a0\u00bb1_2&Prime; _builder_version=\u00a0\u00bb4.19.5&Prime; _module_preset=\u00a0\u00bbdefault\u00a0\u00bb global_colors_info=\u00a0\u00bb{}\u00a0\u00bb][et_pb_text quote_border_color=\u00a0\u00bb#A06D00&Prime; _builder_version=\u00a0\u00bb4.19.5&Prime; _module_preset=\u00a0\u00bbdefault\u00a0\u00bb quote_text_color=\u00a0\u00bb#FFFFFF\u00a0\u00bb header_2_font=\u00a0\u00bb|700|||||||\u00a0\u00bb header_2_text_color=\u00a0\u00bb#A06D00&Prime; header_2_font_size=\u00a0\u00bb28px\u00a0\u00bb background_layout=\u00a0\u00bbdark\u00a0\u00bb global_colors_info=\u00a0\u00bb{}\u00a0\u00bb]<\/p>\n<blockquote>\n<h2>Ateliers p\u00e9dagogiques<\/h2>\n<\/blockquote>\n<p>[\/et_pb_text][et_pb_text _builder_version=\u00a0\u00bb4.20.2&Prime; _module_preset=\u00a0\u00bbdefault\u00a0\u00bb background_layout=\u00a0\u00bbdark\u00a0\u00bb global_colors_info=\u00a0\u00bb{}\u00a0\u00bb]<\/p>\n<p>Une visite dynamique au cours de laquelle les \u00e9l\u00e8ves d\u00e9couvrent d\u2019abord certaines pi\u00e8ces de l\u2019exposition et r\u00e9alisent ensuite une activit\u00e9 en rapport avec le th\u00e8me de l\u2019atelier.<\/p>\n<p>Nous proposons des ateliers destin\u00e9s \u00e0 tous les niveaux scolaires.<\/p>\n<p>Vous trouverez des informations \u00e0 ce sujet ici :<\/p>\n<p>[\/et_pb_text][et_pb_blurb title=\u00a0\u00bbProgramme des ateliers didactiques\u00a0\u00bb use_icon=\u00a0\u00bbon\u00a0\u00bb font_icon=\u00a0\u00bb&#xf518;||fa||900&Prime; icon_placement=\u00a0\u00bbleft\u00a0\u00bb disabled_on=\u00a0\u00bboff|off|off\u00a0\u00bb _builder_version=\u00a0\u00bb4.20.2&Prime; _module_preset=\u00a0\u00bbdefault\u00a0\u00bb header_font=\u00a0\u00bb|600|||||||\u00a0\u00bb header_text_color=\u00a0\u00bb#A06D00&Prime; header_font_size=\u00a0\u00bb20px\u00a0\u00bb body_text_color=\u00a0\u00bb#FFFFFF\u00a0\u00bb link_option_url=\u00a0\u00bbhttps:\/\/eleizmuseoa.com\/wp-content\/uploads\/Programa-Actividades-didacticas-Museo-Arte-Sacro-ES.pdf\u00a0\u00bb link_option_url_new_window=\u00a0\u00bbon\u00a0\u00bb global_colors_info=\u00a0\u00bb{}\u00a0\u00bb]<\/p>\n<p>T\u00e9l\u00e9charger le PDF (1.1 Mb)<\/p>\n<p>[\/et_pb_blurb][et_pb_blurb title=\u00a0\u00bbR\u00e9servation\u00a0\u00bb use_icon=\u00a0\u00bbon\u00a0\u00bb font_icon=\u00a0\u00bb&#xf879;||fa||900&Prime; icon_placement=\u00a0\u00bbleft\u00a0\u00bb _builder_version=\u00a0\u00bb4.19.5&Prime; _module_preset=\u00a0\u00bbdefault\u00a0\u00bb header_font=\u00a0\u00bb|600|||||||\u00a0\u00bb header_text_color=\u00a0\u00bb#A06D00&Prime; header_font_size=\u00a0\u00bb20px\u00a0\u00bb body_text_color=\u00a0\u00bb#FFFFFF\u00a0\u00bb link_option_url=\u00a0\u00bbtel:944320125&Prime; link_option_url_new_window=\u00a0\u00bbon\u00a0\u00bb global_colors_info=\u00a0\u00bb{}\u00a0\u00bb]<\/p>\n<p>944 32 01 25<\/p>\n<p>[\/et_pb_blurb][et_pb_blurb title=\u00a0\u00bbTarifs\u00a0\u00bb use_icon=\u00a0\u00bbon\u00a0\u00bb font_icon=\u00a0\u00bb&#xf153;||fa||900&Prime; icon_placement=\u00a0\u00bbleft\u00a0\u00bb _builder_version=\u00a0\u00bb4.20.2&Prime; _module_preset=\u00a0\u00bbdefault\u00a0\u00bb header_font=\u00a0\u00bb|600|||||||\u00a0\u00bb header_text_color=\u00a0\u00bb#A06D00&Prime; header_font_size=\u00a0\u00bb20px\u00a0\u00bb body_text_color=\u00a0\u00bb#FFFFFF\u00a0\u00bb link_option_url_new_window=\u00a0\u00bbon\u00a0\u00bb global_colors_info=\u00a0\u00bb{}\u00a0\u00bb]<\/p>\n<p><strong>40\u20ac par classe<\/strong> (groupes de 20-25 personnes).<\/p>\n<p>[\/et_pb_blurb][\/et_pb_column][\/et_pb_row][\/et_pb_section][et_pb_section fb_built=\u00a0\u00bb1&Prime; _builder_version=\u00a0\u00bb4.19.5&Prime; _module_preset=\u00a0\u00bbdefault\u00a0\u00bb background_color=\u00a0\u00bbrgba(160,109,0,0.1)\u00a0\u00bb background_enable_mask_style=\u00a0\u00bbon\u00a0\u00bb background_mask_style=\u00a0\u00bbdiagonal-bars\u00a0\u00bb background_mask_color=\u00a0\u00bbrgba(160,109,0,0.05)\u00a0\u00bb background_mask_transform=\u00a0\u00bbinvert|flip_horizontal\u00a0\u00bb global_colors_info=\u00a0\u00bb{}\u00a0\u00bb][et_pb_row column_structure=\u00a0\u00bb1_2,1_2&Prime; _builder_version=\u00a0\u00bb4.19.5&Prime; _module_preset=\u00a0\u00bbdefault\u00a0\u00bb global_colors_info=\u00a0\u00bb{}\u00a0\u00bb][et_pb_column type=\u00a0\u00bb1_2&Prime; _builder_version=\u00a0\u00bb4.19.5&Prime; _module_preset=\u00a0\u00bbdefault\u00a0\u00bb global_colors_info=\u00a0\u00bb{}\u00a0\u00bb][et_pb_image src=\u00a0\u00bbhttps:\/\/eleizmuseoa.com\/wp-content\/uploads\/Vista-Museo-Arte-Sacro-Bilbao.jpg\u00a0\u00bb alt=\u00a0\u00bbVisite du mus\u00e9e\u00a0\u00bb title_text=\u00a0\u00bbVisite du mus\u00e9e\u00a0\u00bb _builder_version=\u00a0\u00bb4.20.0&Prime; _module_preset=\u00a0\u00bbdefault\u00a0\u00bb border_radii=\u00a0\u00bboff|10px||10px|\u00a0\u00bb global_colors_info=\u00a0\u00bb{}\u00a0\u00bb][\/et_pb_image][\/et_pb_column][et_pb_column type=\u00a0\u00bb1_2&Prime; _builder_version=\u00a0\u00bb4.19.5&Prime; _module_preset=\u00a0\u00bbdefault\u00a0\u00bb global_colors_info=\u00a0\u00bb{}\u00a0\u00bb][et_pb_text quote_border_color=\u00a0\u00bb#A06D00&Prime; _builder_version=\u00a0\u00bb4.19.5&Prime; _module_preset=\u00a0\u00bbdefault\u00a0\u00bb header_2_font=\u00a0\u00bb|700|||||||\u00a0\u00bb header_2_text_color=\u00a0\u00bb#00534D\u00a0\u00bb header_2_font_size=\u00a0\u00bb28px\u00a0\u00bb global_colors_info=\u00a0\u00bb{}\u00a0\u00bb]<\/p>\n<blockquote>\n<h2>Visite du mus\u00e9e<\/h2>\n<\/blockquote>\n<p>[\/et_pb_text][et_pb_text _builder_version=\u00a0\u00bb4.20.2&Prime; _module_preset=\u00a0\u00bbdefault\u00a0\u00bb global_colors_info=\u00a0\u00bb{}\u00a0\u00bb]<\/p>\n<p>\u00c0 travers les pi\u00e8ces du mus\u00e9e, vous pourrez voir comment l\u2019art a \u00e9volu\u00e9 au fil du temps, de l\u2019art roman \u00e0 l\u2019art contemporain.<\/p>\n<p>Nous adaptons l\u2019explication aux int\u00e9r\u00eats sp\u00e9cifiques du groupe et \u00e0 son niveau scolaire.<\/p>\n<p>[\/et_pb_text][et_pb_blurb title=\u00a0\u00bbR\u00e9servation\u00a0\u00bb use_icon=\u00a0\u00bbon\u00a0\u00bb font_icon=\u00a0\u00bb&#xf879;||fa||900&Prime; icon_placement=\u00a0\u00bbleft\u00a0\u00bb _builder_version=\u00a0\u00bb4.19.5&Prime; _module_preset=\u00a0\u00bbdefault\u00a0\u00bb link_option_url=\u00a0\u00bbtel:944320125&Prime; link_option_url_new_window=\u00a0\u00bbon\u00a0\u00bb global_colors_info=\u00a0\u00bb{}\u00a0\u00bb]<\/p>\n<p>944 32 01 25<\/p>\n<p>[\/et_pb_blurb][et_pb_blurb title=\u00a0\u00bbTarifs\u00a0\u00bb use_icon=\u00a0\u00bbon\u00a0\u00bb font_icon=\u00a0\u00bb&#xf153;||fa||900&Prime; icon_placement=\u00a0\u00bbleft\u00a0\u00bb _builder_version=\u00a0\u00bb4.20.2&Prime; _module_preset=\u00a0\u00bbdefault\u00a0\u00bb link_option_url_new_window=\u00a0\u00bbon\u00a0\u00bb global_colors_info=\u00a0\u00bb{}\u00a0\u00bb]<\/p>\n<p><strong>40\u20ac par classe<\/strong> (groupes de 20-25 personnes).<\/p>\n<p>[\/et_pb_blurb][\/et_pb_column][\/et_pb_row][\/et_pb_section][et_pb_section fb_built=\u00a0\u00bb1&Prime; _builder_version=\u00a0\u00bb4.19.5&Prime; _module_preset=\u00a0\u00bbdefault\u00a0\u00bb background_color=\u00a0\u00bbrgba(0,0,0,0.9)\u00a0\u00bb background_enable_mask_style=\u00a0\u00bbon\u00a0\u00bb background_mask_style=\u00a0\u00bbdiagonal-bars-2&Prime; background_mask_color=\u00a0\u00bb#000000&Prime; global_colors_info=\u00a0\u00bb{}\u00a0\u00bb][et_pb_row column_structure=\u00a0\u00bb1_2,1_2&Prime; _builder_version=\u00a0\u00bb4.19.5&Prime; _module_preset=\u00a0\u00bbdefault\u00a0\u00bb global_colors_info=\u00a0\u00bb{}\u00a0\u00bb][et_pb_column type=\u00a0\u00bb1_2&Prime; _builder_version=\u00a0\u00bb4.19.5&Prime; _module_preset=\u00a0\u00bbdefault\u00a0\u00bb global_colors_info=\u00a0\u00bb{}\u00a0\u00bb][et_pb_image src=\u00a0\u00bbhttps:\/\/eleizmuseoa.com\/wp-content\/uploads\/Visitas-Casco-Viejo-Museo-Arte-Sacro-Bilbao.jpg\u00a0\u00bb alt=\u00a0\u00bbA travers la vieille ville\u00a0\u00bb title_text=\u00a0\u00bbA travers la vieille ville\u00a0\u00bb _builder_version=\u00a0\u00bb4.19.5&Prime; _module_preset=\u00a0\u00bbdefault\u00a0\u00bb border_radii=\u00a0\u00bboff|10px||10px|\u00a0\u00bb global_colors_info=\u00a0\u00bb{}\u00a0\u00bb][\/et_pb_image][\/et_pb_column][et_pb_column type=\u00a0\u00bb1_2&Prime; _builder_version=\u00a0\u00bb4.19.5&Prime; _module_preset=\u00a0\u00bbdefault\u00a0\u00bb global_colors_info=\u00a0\u00bb{}\u00a0\u00bb][et_pb_text quote_border_color=\u00a0\u00bb#A06D00&Prime; _builder_version=\u00a0\u00bb4.19.5&Prime; _module_preset=\u00a0\u00bbdefault\u00a0\u00bb quote_text_color=\u00a0\u00bb#FFFFFF\u00a0\u00bb header_2_font=\u00a0\u00bb|700|||||||\u00a0\u00bb header_2_text_color=\u00a0\u00bb#A06D00&Prime; header_2_font_size=\u00a0\u00bb28px\u00a0\u00bb background_layout=\u00a0\u00bbdark\u00a0\u00bb global_colors_info=\u00a0\u00bb{}\u00a0\u00bb]<\/p>\n<blockquote>\n<h2>A travers la vieille ville<\/h2>\n<\/blockquote>\n<p>[\/et_pb_text][et_pb_text _builder_version=\u00a0\u00bb4.19.5&Prime; _module_preset=\u00a0\u00bbdefault\u00a0\u00bb link_text_color=\u00a0\u00bb#A06D00&Prime; background_layout=\u00a0\u00bbdark\u00a0\u00bb global_colors_info=\u00a0\u00bb{}\u00a0\u00bb]<\/p>\n<p>Vous pouvez faire une visite de la vieille ville de Bilbao avec nous.<\/p>\n<p>Nous vous parlerons de son histoire, de son urbanisme, de son patrimoine religieux, de ses personnages, de ses \u00e9l\u00e9ments les plus int\u00e9ressants&#8230;<\/p>\n<p>Nous adaptons l\u2019explication aux int\u00e9r\u00eats sp\u00e9cifiques du groupe et \u00e0 son niveau scolaire.<\/p>\n<p>[\/et_pb_text][et_pb_blurb title=\u00a0\u00bbR\u00e9servation\u00a0\u00bb use_icon=\u00a0\u00bbon\u00a0\u00bb font_icon=\u00a0\u00bb&#xf879;||fa||900&Prime; icon_placement=\u00a0\u00bbleft\u00a0\u00bb _builder_version=\u00a0\u00bb4.19.5&Prime; _module_preset=\u00a0\u00bbdefault\u00a0\u00bb header_font=\u00a0\u00bb|600|||||||\u00a0\u00bb header_text_color=\u00a0\u00bb#A06D00&Prime; header_font_size=\u00a0\u00bb20px\u00a0\u00bb body_text_color=\u00a0\u00bb#FFFFFF\u00a0\u00bb link_option_url=\u00a0\u00bbtel:944320125&Prime; link_option_url_new_window=\u00a0\u00bbon\u00a0\u00bb global_colors_info=\u00a0\u00bb{}\u00a0\u00bb]<\/p>\n<p>944 32 01 25<\/p>\n<p>[\/et_pb_blurb][et_pb_blurb title=\u00a0\u00bbTarifs\u00a0\u00bb use_icon=\u00a0\u00bbon\u00a0\u00bb font_icon=\u00a0\u00bb&#xf153;||fa||900&Prime; icon_placement=\u00a0\u00bbleft\u00a0\u00bb _builder_version=\u00a0\u00bb4.20.2&Prime; _module_preset=\u00a0\u00bbdefault\u00a0\u00bb header_font=\u00a0\u00bb|600|||||||\u00a0\u00bb header_text_color=\u00a0\u00bb#A06D00&Prime; header_font_size=\u00a0\u00bb20px\u00a0\u00bb body_text_color=\u00a0\u00bb#FFFFFF\u00a0\u00bb link_option_url_new_window=\u00a0\u00bbon\u00a0\u00bb global_colors_info=\u00a0\u00bb{}\u00a0\u00bb]<\/p>\n<p><strong>40\u20ac par classe<\/strong> (groupes de 20-25 personnes).<\/p>\n<p>[\/et_pb_blurb][\/et_pb_column][\/et_pb_row][\/et_pb_section]<\/p>\n","protected":false},"excerpt":{"rendered":"<p>Activit\u00e9s scolaires Ateliers p\u00e9dagogiques Une visite dynamique au cours de laquelle les \u00e9l\u00e8ves d\u00e9couvrent d\u2019abord certaines pi\u00e8ces de l\u2019exposition et r\u00e9alisent ensuite une activit\u00e9 en rapport avec le th\u00e8me de l\u2019atelier. Nous proposons des ateliers destin\u00e9s \u00e0 tous les niveaux scolaires. Vous trouverez des informations \u00e0 ce sujet ici :T\u00e9l\u00e9charger le PDF (1.1 Mb)944 32 [&hellip;]<\/p>\n","protected":false},"author":1,"featured_media":0,"parent":0,"menu_order":0,"comment_status":"closed","ping_status":"closed","template":"","meta":{"_et_pb_use_builder":"on","_et_pb_old_content":"","_et_gb_content_width":"","footnotes":""},"class_list":["post-827","page","type-page","status-publish","hentry"],"yoast_head":"<!-- This site is optimized with the Yoast SEO plugin v27.3 - https:\/\/yoast.com\/product\/yoast-seo-wordpress\/ -->\n<title>Activit\u00e9s scolaires | Museo Arte Sacro Bilbao<\/title>\n<meta name=\"description\" content=\"Activit\u00e9s scolaires au Mus\u00e9e d&#039;Art Sacr\u00e9 de Bilbao. Ateliers didactiques, visites du mus\u00e9e et visites du Casco Viejo.\" \/>\n<meta name=\"robots\" content=\"index, follow, max-snippet:-1, max-image-preview:large, max-video-preview:-1\" \/>\n<link rel=\"canonical\" href=\"https:\/\/eleizmuseoa.com\/fr\/activites-scolaires\/\" \/>\n<meta property=\"og:locale\" content=\"fr_FR\" \/>\n<meta property=\"og:type\" content=\"article\" \/>\n<meta property=\"og:title\" content=\"Activit\u00e9s scolaires | Museo Arte Sacro Bilbao\" \/>\n<meta property=\"og:description\" content=\"Activit\u00e9s scolaires au Mus\u00e9e d&#039;Art Sacr\u00e9 de Bilbao. Ateliers didactiques, visites du mus\u00e9e et visites du Casco Viejo.\" \/>\n<meta property=\"og:url\" content=\"https:\/\/eleizmuseoa.com\/fr\/activites-scolaires\/\" \/>\n<meta property=\"og:site_name\" content=\"Museo Arte Sacro Bilbao\" \/>\n<meta property=\"article:publisher\" content=\"https:\/\/www.facebook.com\/museoartebilbao\" \/>\n<meta property=\"article:modified_time\" content=\"2023-05-27T07:53:28+00:00\" \/>\n<meta property=\"og:image\" content=\"https:\/\/eleizmuseoa.com\/wp-content\/uploads\/El-edificio-Museo-Arte-Sacro-Bilbao-1.jpg\" \/>\n\t<meta property=\"og:image:width\" content=\"800\" \/>\n\t<meta property=\"og:image:height\" content=\"600\" \/>\n\t<meta property=\"og:image:type\" content=\"image\/jpeg\" \/>\n<script type=\"application\/ld+json\" class=\"yoast-schema-graph\">{\"@context\":\"https:\\\/\\\/schema.org\",\"@graph\":[{\"@type\":\"WebPage\",\"@id\":\"https:\\\/\\\/eleizmuseoa.com\\\/fr\\\/activites-scolaires\\\/\",\"url\":\"https:\\\/\\\/eleizmuseoa.com\\\/fr\\\/activites-scolaires\\\/\",\"name\":\"Activit\u00e9s scolaires | Museo Arte Sacro Bilbao\",\"isPartOf\":{\"@id\":\"https:\\\/\\\/eleizmuseoa.com\\\/fr\\\/#website\"},\"datePublished\":\"2023-01-23T13:43:52+00:00\",\"dateModified\":\"2023-05-27T07:53:28+00:00\",\"description\":\"Activit\u00e9s scolaires au Mus\u00e9e d'Art Sacr\u00e9 de Bilbao. Ateliers didactiques, visites du mus\u00e9e et visites du Casco Viejo.\",\"breadcrumb\":{\"@id\":\"https:\\\/\\\/eleizmuseoa.com\\\/fr\\\/activites-scolaires\\\/#breadcrumb\"},\"inLanguage\":\"fr-FR\",\"potentialAction\":[{\"@type\":\"ReadAction\",\"target\":[\"https:\\\/\\\/eleizmuseoa.com\\\/fr\\\/activites-scolaires\\\/\"]}]},{\"@type\":\"BreadcrumbList\",\"@id\":\"https:\\\/\\\/eleizmuseoa.com\\\/fr\\\/activites-scolaires\\\/#breadcrumb\",\"itemListElement\":[{\"@type\":\"ListItem\",\"position\":1,\"name\":\"Portada\",\"item\":\"https:\\\/\\\/eleizmuseoa.com\\\/fr\\\/musee-dart-sacre-de-bilbao\\\/\"},{\"@type\":\"ListItem\",\"position\":2,\"name\":\"Activit\u00e9s scolaires\"}]},{\"@type\":\"WebSite\",\"@id\":\"https:\\\/\\\/eleizmuseoa.com\\\/fr\\\/#website\",\"url\":\"https:\\\/\\\/eleizmuseoa.com\\\/fr\\\/\",\"name\":\"Museo Arte Sacro Bilbao\",\"description\":\"Eleiz Museoa Bilbao\",\"publisher\":{\"@id\":\"https:\\\/\\\/eleizmuseoa.com\\\/fr\\\/#organization\"},\"alternateName\":\"Museo de Arte Sacro de Bilbao\",\"potentialAction\":[{\"@type\":\"SearchAction\",\"target\":{\"@type\":\"EntryPoint\",\"urlTemplate\":\"https:\\\/\\\/eleizmuseoa.com\\\/fr\\\/?s={search_term_string}\"},\"query-input\":{\"@type\":\"PropertyValueSpecification\",\"valueRequired\":true,\"valueName\":\"search_term_string\"}}],\"inLanguage\":\"fr-FR\"},{\"@type\":\"Organization\",\"@id\":\"https:\\\/\\\/eleizmuseoa.com\\\/fr\\\/#organization\",\"name\":\"Museo Arte Sacro de Bilbao\",\"alternateName\":\"Museo de Arte Sacro de Bilbao\",\"url\":\"https:\\\/\\\/eleizmuseoa.com\\\/fr\\\/\",\"logo\":{\"@type\":\"ImageObject\",\"inLanguage\":\"fr-FR\",\"@id\":\"https:\\\/\\\/eleizmuseoa.com\\\/fr\\\/#\\\/schema\\\/logo\\\/image\\\/\",\"url\":\"https:\\\/\\\/eleizmuseoa.com\\\/wp-content\\\/uploads\\\/Museo-Arte-Sacro-logo.png\",\"contentUrl\":\"https:\\\/\\\/eleizmuseoa.com\\\/wp-content\\\/uploads\\\/Museo-Arte-Sacro-logo.png\",\"width\":341,\"height\":75,\"caption\":\"Museo Arte Sacro de Bilbao\"},\"image\":{\"@id\":\"https:\\\/\\\/eleizmuseoa.com\\\/fr\\\/#\\\/schema\\\/logo\\\/image\\\/\"},\"sameAs\":[\"https:\\\/\\\/www.facebook.com\\\/museoartebilbao\",\"https:\\\/\\\/www.youtube.com\\\/channel\\\/UC9NOH7JBvYISiBVRGmEuCVw\",\"https:\\\/\\\/www.instagram.com\\\/museoartesacrobilbao\\\/\"]}]}<\/script>\n<!-- \/ Yoast SEO plugin. -->","yoast_head_json":{"title":"Activit\u00e9s scolaires | Museo Arte Sacro Bilbao","description":"Activit\u00e9s scolaires au Mus\u00e9e d'Art Sacr\u00e9 de Bilbao. Ateliers didactiques, visites du mus\u00e9e et visites du Casco Viejo.","robots":{"index":"index","follow":"follow","max-snippet":"max-snippet:-1","max-image-preview":"max-image-preview:large","max-video-preview":"max-video-preview:-1"},"canonical":"https:\/\/eleizmuseoa.com\/fr\/activites-scolaires\/","og_locale":"fr_FR","og_type":"article","og_title":"Activit\u00e9s scolaires | Museo Arte Sacro Bilbao","og_description":"Activit\u00e9s scolaires au Mus\u00e9e d'Art Sacr\u00e9 de Bilbao. Ateliers didactiques, visites du mus\u00e9e et visites du Casco Viejo.","og_url":"https:\/\/eleizmuseoa.com\/fr\/activites-scolaires\/","og_site_name":"Museo Arte Sacro Bilbao","article_publisher":"https:\/\/www.facebook.com\/museoartebilbao","article_modified_time":"2023-05-27T07:53:28+00:00","og_image":[{"width":800,"height":600,"url":"https:\/\/eleizmuseoa.com\/wp-content\/uploads\/El-edificio-Museo-Arte-Sacro-Bilbao-1.jpg","type":"image\/jpeg"}],"schema":{"@context":"https:\/\/schema.org","@graph":[{"@type":"WebPage","@id":"https:\/\/eleizmuseoa.com\/fr\/activites-scolaires\/","url":"https:\/\/eleizmuseoa.com\/fr\/activites-scolaires\/","name":"Activit\u00e9s scolaires | Museo Arte Sacro Bilbao","isPartOf":{"@id":"https:\/\/eleizmuseoa.com\/fr\/#website"},"datePublished":"2023-01-23T13:43:52+00:00","dateModified":"2023-05-27T07:53:28+00:00","description":"Activit\u00e9s scolaires au Mus\u00e9e d'Art Sacr\u00e9 de Bilbao. Ateliers didactiques, visites du mus\u00e9e et visites du Casco Viejo.","breadcrumb":{"@id":"https:\/\/eleizmuseoa.com\/fr\/activites-scolaires\/#breadcrumb"},"inLanguage":"fr-FR","potentialAction":[{"@type":"ReadAction","target":["https:\/\/eleizmuseoa.com\/fr\/activites-scolaires\/"]}]},{"@type":"BreadcrumbList","@id":"https:\/\/eleizmuseoa.com\/fr\/activites-scolaires\/#breadcrumb","itemListElement":[{"@type":"ListItem","position":1,"name":"Portada","item":"https:\/\/eleizmuseoa.com\/fr\/musee-dart-sacre-de-bilbao\/"},{"@type":"ListItem","position":2,"name":"Activit\u00e9s scolaires"}]},{"@type":"WebSite","@id":"https:\/\/eleizmuseoa.com\/fr\/#website","url":"https:\/\/eleizmuseoa.com\/fr\/","name":"Museo Arte Sacro Bilbao","description":"Eleiz Museoa Bilbao","publisher":{"@id":"https:\/\/eleizmuseoa.com\/fr\/#organization"},"alternateName":"Museo de Arte Sacro de Bilbao","potentialAction":[{"@type":"SearchAction","target":{"@type":"EntryPoint","urlTemplate":"https:\/\/eleizmuseoa.com\/fr\/?s={search_term_string}"},"query-input":{"@type":"PropertyValueSpecification","valueRequired":true,"valueName":"search_term_string"}}],"inLanguage":"fr-FR"},{"@type":"Organization","@id":"https:\/\/eleizmuseoa.com\/fr\/#organization","name":"Museo Arte Sacro de Bilbao","alternateName":"Museo de Arte Sacro de Bilbao","url":"https:\/\/eleizmuseoa.com\/fr\/","logo":{"@type":"ImageObject","inLanguage":"fr-FR","@id":"https:\/\/eleizmuseoa.com\/fr\/#\/schema\/logo\/image\/","url":"https:\/\/eleizmuseoa.com\/wp-content\/uploads\/Museo-Arte-Sacro-logo.png","contentUrl":"https:\/\/eleizmuseoa.com\/wp-content\/uploads\/Museo-Arte-Sacro-logo.png","width":341,"height":75,"caption":"Museo Arte Sacro de Bilbao"},"image":{"@id":"https:\/\/eleizmuseoa.com\/fr\/#\/schema\/logo\/image\/"},"sameAs":["https:\/\/www.facebook.com\/museoartebilbao","https:\/\/www.youtube.com\/channel\/UC9NOH7JBvYISiBVRGmEuCVw","https:\/\/www.instagram.com\/museoartesacrobilbao\/"]}]}},"_links":{"self":[{"href":"https:\/\/eleizmuseoa.com\/fr\/wp-json\/wp\/v2\/pages\/827","targetHints":{"allow":["GET"]}}],"collection":[{"href":"https:\/\/eleizmuseoa.com\/fr\/wp-json\/wp\/v2\/pages"}],"about":[{"href":"https:\/\/eleizmuseoa.com\/fr\/wp-json\/wp\/v2\/types\/page"}],"author":[{"embeddable":true,"href":"https:\/\/eleizmuseoa.com\/fr\/wp-json\/wp\/v2\/users\/1"}],"replies":[{"embeddable":true,"href":"https:\/\/eleizmuseoa.com\/fr\/wp-json\/wp\/v2\/comments?post=827"}],"version-history":[{"count":0,"href":"https:\/\/eleizmuseoa.com\/fr\/wp-json\/wp\/v2\/pages\/827\/revisions"}],"wp:attachment":[{"href":"https:\/\/eleizmuseoa.com\/fr\/wp-json\/wp\/v2\/media?parent=827"}],"curies":[{"name":"wp","href":"https:\/\/api.w.org\/{rel}","templated":true}]}}